{"id":1573,"date":"2024-08-07T10:50:27","date_gmt":"2024-08-07T08:50:27","guid":{"rendered":"https:\/\/shop.telc.hu\/?post_type=product&#038;p=1573"},"modified":"2026-04-11T13:13:39","modified_gmt":"2026-04-11T11:13:39","slug":"ubungstests-fur-telc-deutsch-b2","status":"publish","type":"product","link":"https:\/\/shop.telc.hu\/en\/product\/ubungstests-fur-telc-deutsch-b2\/","title":{"rendered":"\u00dcbungstests f\u00fcr telc Deutsch B2"},"content":{"rendered":"<p>Our latest German B2 practice testbook with four tests. The tasks presented in their original format are similar to those that candidates will encounter during the live exam. Both the oral and written parts are included in the booklet<\/p>\n<p>In addition to improving language competence candidates will get insights into topics currently discussed and debated. Fulfilling the tasks helps candidates improve their language skills and exam strategies.<\/p>\n<p><span style=\"color: #a81411\"><strong>Audio files<\/strong><\/span><\/p>\n<p><a href=\"https:\/\/telc.hu\/hanganyagok\/ubungstests-b2\/\" target=\"_blank\" rel=\"noopener\">https:\/\/telc.hu\/hanganyagok\/ubungstests-b2\/<\/a><\/p>\n<p>&nbsp;<\/p>","protected":false},"excerpt":{"rendered":"<p><span lang=\"HU\">Prepare consciously with telc exam-specific tasks compiled by telc examiners\u00a0<\/span><\/p>\n<ul>\n<li>4 tests<\/li>\n<li>52 tasks<\/li>\n<li>Authentic texts with audio<\/li>\n<li>Current topics<\/li>\n<\/ul>\n<p><span style=\"color: #a81411\"><strong>Audio files<\/strong><\/span><\/p>\n<p><a href=\"https:\/\/telc.hu\/hanganyagok\/ubungstests-b2\/\" target=\"_blank\" rel=\"noopener\">https:\/\/telc.hu\/hanganyagok\/ubungstests-b2\/<\/a><\/p>","protected":false},"featured_media":1575,"template":"","meta":{"_seopress_robots_primary_cat":"none","_seopress_titles_title":"\u00dcbungstests f\u00fcr telc Deutsch B2 k\u00f6nyv","_seopress_titles_desc":"","_seopress_robots_index":""},"product_brand":[],"product_cat":[43,66],"product_tag":[57,23,24,56,25,26],"class_list":{"0":"post-1573","1":"product","2":"type-product","3":"status-publish","4":"has-post-thumbnail","6":"product_cat-konyvek","7":"product_cat-nemet","8":"product_tag-b2","9":"product_tag-diakoknak","10":"product_tag-felkeszules","11":"product_tag-kozepfoku","12":"product_tag-nemet","13":"product_tag-nyelvtanaroknak","14":"pa_szintek-b2-kozepfok","16":"first","17":"instock","18":"taxable","19":"shipping-taxable","20":"purchasable","21":"product-type-simple"},"_links":{"self":[{"href":"https:\/\/shop.telc.hu\/en\/wp-json\/wp\/v2\/product\/1573","targetHints":{"allow":["GET"]}}],"collection":[{"href":"https:\/\/shop.telc.hu\/en\/wp-json\/wp\/v2\/product"}],"about":[{"href":"https:\/\/shop.telc.hu\/en\/wp-json\/wp\/v2\/types\/product"}],"version-history":[{"count":9,"href":"https:\/\/shop.telc.hu\/en\/wp-json\/wp\/v2\/product\/1573\/revisions"}],"predecessor-version":[{"id":2936,"href":"https:\/\/shop.telc.hu\/en\/wp-json\/wp\/v2\/product\/1573\/revisions\/2936"}],"wp:featuredmedia":[{"embeddable":true,"href":"https:\/\/shop.telc.hu\/en\/wp-json\/wp\/v2\/media\/1575"}],"wp:attachment":[{"href":"https:\/\/shop.telc.hu\/en\/wp-json\/wp\/v2\/media?parent=1573"}],"wp:term":[{"taxonomy":"product_brand","embeddable":true,"href":"https:\/\/shop.telc.hu\/en\/wp-json\/wp\/v2\/product_brand?post=1573"},{"taxonomy":"product_cat","embeddable":true,"href":"https:\/\/shop.telc.hu\/en\/wp-json\/wp\/v2\/product_cat?post=1573"},{"taxonomy":"product_tag","embeddable":true,"href":"https:\/\/shop.telc.hu\/en\/wp-json\/wp\/v2\/product_tag?post=1573"}],"curies":[{"name":"wp","href":"https:\/\/api.w.org\/{rel}","templated":true}]}}