{"id":21,"date":"2022-05-15T21:46:43","date_gmt":"2022-05-15T19:46:43","guid":{"rendered":"https:\/\/shop.telc.hu\/?post_type=product&#038;p=21"},"modified":"2026-04-21T10:39:18","modified_gmt":"2026-04-21T08:39:18","slug":"english-practice-material-b1-b2","status":"publish","type":"product","link":"https:\/\/shop.telc.hu\/en\/product\/english-practice-material-b1-b2\/","title":{"rendered":"English Practice Material Writing, B1\/B2"},"content":{"rendered":"<p><em>English Practice Material Writing, B1\/B2<\/em><\/p>\n<p>Az <em>English Practice Material, B1\/B2<\/em> seg\u00edts\u00e9g\u00e9vel a tanul\u00f3k B1 \u00e9s B2 szinteken b\u0151v\u00edthetik tud\u00e1sukat \u00e9s fejleszthetik nyelvi k\u00e9szs\u00e9geiket.<br \/>\nA k\u00f6nyvekben tal\u00e1lhat\u00f3 20 r\u00f6vid modul mindegyike a KER megfelel\u0151 deskriptoraihoz kapcsol\u00f3dik \u00e9s t\u00e9m\u00e1ja egy-egy meghat\u00e1rozott emberi \u00e9rzelem k\u00f6r\u00e9 \u00e9p\u00fcl, mint p\u00e9ld\u00e1ul a boldogs\u00e1g vagy a csal\u00f3dotts\u00e1g. A modulok egym\u00e1st\u00f3l teljesen f\u00fcggetlenek, ez\u00e1ltal az oszt\u00e1lytermi gyakorl\u00e1shoz k\u00f6nnyen, rugalmasan \u00e9s tetsz\u0151leges sorrendben felhaszn\u00e1lhat\u00f3k. A tanul\u00f3k ig\u00e9nyeit\u0151l f\u00fcgg\u0151en az \u00f6n\u00e1ll\u00f3 modulok alkalmasak a nyelvi k\u00e9szs\u00e9gek \u00e9s a KER \u00e1ltal meghat\u00e1rozott kompetenci\u00e1k fejleszt\u00e9s\u00e9re vagy az \u00e9rzelmekkel kapcsolatos t\u00e9mak\u00f6r\u00f6k feldolgoz\u00e1s\u00e1ra. A k\u00f6nyvek tartalmazz\u00e1k a megold\u00f3kulcsot.<\/p>\n<p><strong>Sorozat tov\u00e1bbi k\u00f6tete:<\/strong><\/p>\n<ul>\n<li style=\"list-style-type: none\">\n<ul>\n<li><a href=\"https:\/\/shop.telc.hu\/en\/product\/english-practice-material-listening-b1-b2\/\" target=\"_blank\" rel=\"noopener\"><span style=\"color: #ff0000\">English Practice Material Listening &gt;&gt;<\/span><\/a><\/li>\n<\/ul>\n<\/li>\n<\/ul>\n<p>&nbsp;<\/p>","protected":false},"excerpt":{"rendered":"<p>A k\u00f6nyv seg\u00edts\u00e9g\u00e9vel B1 \u00e9s B2 szinteken b\u0151v\u00edthetik tud\u00e1sukat \u00e9s fejleszthetik nyelvi k\u00e9szs\u00e9geiket.<\/p>\n<p><strong>Sorozat tov\u00e1bbi k\u00f6tete:<\/strong><\/p>\n<ul>\n<li style=\"list-style-type: none\">\n<ul>\n<li><a href=\"https:\/\/shop.telc.hu\/en\/product\/english-practice-material-listening-b1-b2\/\" target=\"_blank\" rel=\"noopener\"><span style=\"color: #ff0000\">English Practice Material Listening &gt;&gt;<\/span><\/a><\/li>\n<\/ul>\n<\/li>\n<\/ul>\n<p>&nbsp;<\/p>","protected":false},"featured_media":66,"template":"","meta":{"_seopress_robots_primary_cat":"none","_seopress_titles_title":"","_seopress_titles_desc":"","_seopress_robots_index":""},"product_brand":[],"product_cat":[59,43],"product_tag":[29,23,24,26],"class_list":{"0":"post-21","1":"product","2":"type-product","3":"status-publish","4":"has-post-thumbnail","6":"product_cat-angol","7":"product_cat-konyvek","8":"product_tag-angol","9":"product_tag-diakoknak","10":"product_tag-felkeszules","11":"product_tag-nyelvtanaroknak","12":"pa_szintek-b1-alapfok","13":"pa_szintek-b2-kozepfok","15":"first","16":"instock","17":"taxable","18":"shipping-taxable","19":"purchasable","20":"product-type-simple"},"_links":{"self":[{"href":"https:\/\/shop.telc.hu\/en\/wp-json\/wp\/v2\/product\/21","targetHints":{"allow":["GET"]}}],"collection":[{"href":"https:\/\/shop.telc.hu\/en\/wp-json\/wp\/v2\/product"}],"about":[{"href":"https:\/\/shop.telc.hu\/en\/wp-json\/wp\/v2\/types\/product"}],"version-history":[{"count":18,"href":"https:\/\/shop.telc.hu\/en\/wp-json\/wp\/v2\/product\/21\/revisions"}],"predecessor-version":[{"id":2929,"href":"https:\/\/shop.telc.hu\/en\/wp-json\/wp\/v2\/product\/21\/revisions\/2929"}],"wp:featuredmedia":[{"embeddable":true,"href":"https:\/\/shop.telc.hu\/en\/wp-json\/wp\/v2\/media\/66"}],"wp:attachment":[{"href":"https:\/\/shop.telc.hu\/en\/wp-json\/wp\/v2\/media?parent=21"}],"wp:term":[{"taxonomy":"product_brand","embeddable":true,"href":"https:\/\/shop.telc.hu\/en\/wp-json\/wp\/v2\/product_brand?post=21"},{"taxonomy":"product_cat","embeddable":true,"href":"https:\/\/shop.telc.hu\/en\/wp-json\/wp\/v2\/product_cat?post=21"},{"taxonomy":"product_tag","embeddable":true,"href":"https:\/\/shop.telc.hu\/en\/wp-json\/wp\/v2\/product_tag?post=21"}],"curies":[{"name":"wp","href":"https:\/\/api.w.org\/{rel}","templated":true}]}}