{"id":2142,"date":"2025-02-27T15:02:31","date_gmt":"2025-02-27T14:02:31","guid":{"rendered":"https:\/\/shop.telc.hu\/?post_type=product&#038;p=2142"},"modified":"2026-03-05T14:52:38","modified_gmt":"2026-03-05T13:52:38","slug":"schreibtraining-deutsch-fur-den-beruf-b2","status":"publish","type":"product","link":"https:\/\/shop.telc.hu\/en\/product\/schreibtraining-deutsch-fur-den-beruf-b2\/","title":{"rendered":"Schreibtraining &#8211; Deutsch f\u00fcr den Beruf B2"},"content":{"rendered":"<p>A <strong>Schreibtraining &#8211; Deutsch f\u00fcr den Beruf B2<\/strong> minden olyan nyelvi tev\u00e9kenys\u00e9ghez k\u00edn\u00e1l \u00edr\u00e1sgyakorlatokat, amelyek a <strong>szakmai k\u00f6rnyezetben<\/strong> relev\u00e1nsak. Fontos sz\u00f6vegt\u00edpusokat gyakorol, \u00e9s figyelembe veszi a k\u00e9pz\u00e9s, a munka \u00e9s a tov\u00e1bbk\u00e9pz\u00e9s fontos kommunik\u00e1ci\u00f3s ter\u00fcleteit sz\u00e1mos k\u00fcl\u00f6nb\u00f6z\u0151 szakm\u00e1ban. A nyelvtanul\u00f3k megtanulj\u00e1k, hogyan fejezz\u00e9k ki magukat megfelel\u0151en k\u00fcl\u00f6nb\u00f6z\u0151 helyzetekben, k\u00fcl\u00f6nb\u00f6z\u0151 besz\u00e9lget\u0151partnerekkel. M\u00edg a <strong>Schreibtraining &#8211; Deutsch f\u00fcr den Beruf B2<\/strong> kiadv\u00e1ny els\u0151 r\u00e9sze v\u00e1ltozatos gyakorlatok seg\u00edts\u00e9g\u00e9vel l\u00e9p\u00e9sr\u0151l l\u00e9p\u00e9sre megtan\u00edtja az \u00f6n\u00e1ll\u00f3 sz\u00f6vegalkot\u00e1s fontos strat\u00e9gi\u00e1it, addig a m\u00e1sodik r\u00e9sz lehet\u0151v\u00e9 teszi a hallgat\u00f3k sz\u00e1m\u00e1ra, hogy tizenk\u00e9t val\u00f3s\u00e1gh\u0171, k\u00fcl\u00f6nb\u00f6z\u0151 szerepeket \u00e9s feladatokat tartalmaz\u00f3 r\u00e9szben azonnal alkalmazz\u00e1k a tanult \u00edr\u00e1sk\u00e9szs\u00e9geket.<\/p>","protected":false},"excerpt":{"rendered":"<p>A <strong>Schreibtraining &#8211; Deutsch f\u00fcr den Beruf B2<\/strong> ide\u00e1lis kieg\u00e9sz\u00edt\u0151 anyag a B2 szint\u0171 nyelvtanul\u00f3k sz\u00e1m\u00e1ra az \u00edr\u00e1sbeli kommunik\u00e1ci\u00f3s k\u00e9szs\u00e9g\u00fck fejleszt\u00e9s\u00e9hez.<\/p>","protected":false},"featured_media":2143,"template":"","meta":{"_seopress_robots_primary_cat":"none","_seopress_titles_title":"","_seopress_titles_desc":"","_seopress_robots_index":""},"product_brand":[],"product_cat":[43,66],"product_tag":[23,24,25,26],"class_list":{"0":"post-2142","1":"product","2":"type-product","3":"status-publish","4":"has-post-thumbnail","6":"product_cat-konyvek","7":"product_cat-nemet","8":"product_tag-diakoknak","9":"product_tag-felkeszules","10":"product_tag-nemet","11":"product_tag-nyelvtanaroknak","12":"pa_szintek-b2-kozepfok","14":"first","15":"instock","16":"taxable","17":"shipping-taxable","18":"purchasable","19":"product-type-simple"},"_links":{"self":[{"href":"https:\/\/shop.telc.hu\/en\/wp-json\/wp\/v2\/product\/2142","targetHints":{"allow":["GET"]}}],"collection":[{"href":"https:\/\/shop.telc.hu\/en\/wp-json\/wp\/v2\/product"}],"about":[{"href":"https:\/\/shop.telc.hu\/en\/wp-json\/wp\/v2\/types\/product"}],"version-history":[{"count":1,"href":"https:\/\/shop.telc.hu\/en\/wp-json\/wp\/v2\/product\/2142\/revisions"}],"predecessor-version":[{"id":2150,"href":"https:\/\/shop.telc.hu\/en\/wp-json\/wp\/v2\/product\/2142\/revisions\/2150"}],"wp:featuredmedia":[{"embeddable":true,"href":"https:\/\/shop.telc.hu\/en\/wp-json\/wp\/v2\/media\/2143"}],"wp:attachment":[{"href":"https:\/\/shop.telc.hu\/en\/wp-json\/wp\/v2\/media?parent=2142"}],"wp:term":[{"taxonomy":"product_brand","embeddable":true,"href":"https:\/\/shop.telc.hu\/en\/wp-json\/wp\/v2\/product_brand?post=2142"},{"taxonomy":"product_cat","embeddable":true,"href":"https:\/\/shop.telc.hu\/en\/wp-json\/wp\/v2\/product_cat?post=2142"},{"taxonomy":"product_tag","embeddable":true,"href":"https:\/\/shop.telc.hu\/en\/wp-json\/wp\/v2\/product_tag?post=2142"}],"curies":[{"name":"wp","href":"https:\/\/api.w.org\/{rel}","templated":true}]}}