{"id":2151,"date":"2025-02-27T15:14:54","date_gmt":"2025-02-27T14:14:54","guid":{"rendered":"https:\/\/shop.telc.hu\/?post_type=product&#038;p=2151"},"modified":"2026-03-05T14:52:38","modified_gmt":"2026-03-05T13:52:38","slug":"schreibtraining-deutsch-fur-den-beruf-b2-musterlosungen","status":"publish","type":"product","link":"https:\/\/shop.telc.hu\/en\/product\/schreibtraining-deutsch-fur-den-beruf-b2-musterlosungen\/","title":{"rendered":"Schreibtraining &#8211; Deutsch f\u00fcr den Beruf B2 Musterl\u00f6sungen"},"content":{"rendered":"<p>A <strong>Schreibtraining Deutsch f\u00fcr den Beruf &#8211; Musterl\u00f6sungen B2<\/strong>\u00a0 kiadv\u00e1nyhoz tartoz\u00f3 mintamegold\u00e1sokban p\u00e9ld\u00e1kat tal\u00e1l arra, hogyan kell a B2 kompetenciaszint\u0171 szakmai vizsg\u00e1n el\u0151fordul\u00f3 \u00edr\u00e1sbeli feladatokat megoldani. Ezek k\u00f6z\u00e9 tartoznak az e-mailek, levelek, jegyzetek, besz\u00e9lget\u00e9sek, jelent\u00e9sek \u00e9s m\u00e9g sok m\u00e1s.<\/p>\n<p>A nyelvtanul\u00f3k a <strong>Schreibtraining<\/strong> seg\u00edts\u00e9g\u00e9vel minden fontos, szakmailag relev\u00e1ns sz\u00f6vegt\u00edpust begyakorolhatnak. A mintamegold\u00e1sok<\/p>\n<ul>\n<li>sz\u00f6vegp\u00e9ld\u00e1kat k\u00edn\u00e1lnak a <strong>Schreibtraining<\/strong> kiadv\u00e1ny \u00f6sszes \u00edr\u00e1sbeli feladat\u00e1hoz.<\/li>\n<li>tartalmazz\u00e1k az \u00f6sszes fontos, szakmailag relev\u00e1ns sz\u00f6vegt\u00edpust<\/li>\n<li>ide\u00e1lisak az \u00f6nkorrekci\u00f3hoz<\/li>\n<li>vil\u00e1gosan fel\u00e9p\u00edtettek, mint az <strong>Schreibtraining<\/strong> kiadv\u00e1ny.<\/li>\n<\/ul>","protected":false},"excerpt":{"rendered":"<p>A <strong>Schreibtraining Deutsch f\u00fcr den Beruf B2 Musterl\u00f6sungen <\/strong>mintamegold\u00e1sai seg\u00edts\u00e9g\u00e9vel a nyelvtanul\u00f3k az \u00edr\u00e1sbeli feladatok \u00f6n\u00e1ll\u00f3 megold\u00e1sa ut\u00e1n ellen\u0151rizhetik \u00e9s k\u00f6vetkezetesen gyakorolhatj\u00e1k \u00edr\u00e1sbeli kommunik\u00e1ci\u00f3s k\u00e9szs\u00e9geiket.<\/p>","protected":false},"featured_media":2152,"template":"","meta":{"_seopress_robots_primary_cat":"none","_seopress_titles_title":"","_seopress_titles_desc":"","_seopress_robots_index":""},"product_brand":[],"product_cat":[43,66],"product_tag":[23,24,25,26],"class_list":{"0":"post-2151","1":"product","2":"type-product","3":"status-publish","4":"has-post-thumbnail","6":"product_cat-konyvek","7":"product_cat-nemet","8":"product_tag-diakoknak","9":"product_tag-felkeszules","10":"product_tag-nemet","11":"product_tag-nyelvtanaroknak","12":"pa_szintek-b2-kozepfok","14":"first","15":"instock","16":"taxable","17":"shipping-taxable","18":"purchasable","19":"product-type-simple"},"_links":{"self":[{"href":"https:\/\/shop.telc.hu\/en\/wp-json\/wp\/v2\/product\/2151","targetHints":{"allow":["GET"]}}],"collection":[{"href":"https:\/\/shop.telc.hu\/en\/wp-json\/wp\/v2\/product"}],"about":[{"href":"https:\/\/shop.telc.hu\/en\/wp-json\/wp\/v2\/types\/product"}],"version-history":[{"count":2,"href":"https:\/\/shop.telc.hu\/en\/wp-json\/wp\/v2\/product\/2151\/revisions"}],"predecessor-version":[{"id":2162,"href":"https:\/\/shop.telc.hu\/en\/wp-json\/wp\/v2\/product\/2151\/revisions\/2162"}],"wp:featuredmedia":[{"embeddable":true,"href":"https:\/\/shop.telc.hu\/en\/wp-json\/wp\/v2\/media\/2152"}],"wp:attachment":[{"href":"https:\/\/shop.telc.hu\/en\/wp-json\/wp\/v2\/media?parent=2151"}],"wp:term":[{"taxonomy":"product_brand","embeddable":true,"href":"https:\/\/shop.telc.hu\/en\/wp-json\/wp\/v2\/product_brand?post=2151"},{"taxonomy":"product_cat","embeddable":true,"href":"https:\/\/shop.telc.hu\/en\/wp-json\/wp\/v2\/product_cat?post=2151"},{"taxonomy":"product_tag","embeddable":true,"href":"https:\/\/shop.telc.hu\/en\/wp-json\/wp\/v2\/product_tag?post=2151"}],"curies":[{"name":"wp","href":"https:\/\/api.w.org\/{rel}","templated":true}]}}