{"id":2163,"date":"2025-02-27T15:32:48","date_gmt":"2025-02-27T14:32:48","guid":{"rendered":"https:\/\/shop.telc.hu\/?post_type=product&#038;p=2163"},"modified":"2026-03-03T14:29:30","modified_gmt":"2026-03-03T13:29:30","slug":"einfach-besser-deutsch-fur-berufssprachkurse-b1-kurs-und-arbeitsbuch","status":"publish","type":"product","link":"https:\/\/shop.telc.hu\/en\/product\/einfach-besser-deutsch-fur-berufssprachkurse-b1-kurs-und-arbeitsbuch\/","title":{"rendered":"Einfach besser! Deutsch f\u00fcr Berufssprachkurse B1 Kurs- und Arbeitsbuch"},"content":{"rendered":"<p>A tank\u00f6nyv \u00e9s a munkaf\u00fczet <strong>Einfach besser! B1<\/strong> k\u00f6vetkezetesen a speci\u00e1lis B1 tanfolyam munk\u00e1hoz kapcsol\u00f3d\u00f3 n\u00e9met nyelvi k\u00e9pz\u00e9s tantervi koncepci\u00f3j\u00e1ra \u00e9p\u00fcl.<\/p>\n<p>&nbsp;<\/p>\n<p>A 12 leck\u00e9ben optim\u00e1lisan felk\u00e9sz\u00edti a r\u00e9sztvev\u0151ket az egyszer\u0171, az alacsonyabb k\u00fcsz\u00f6b\u0171 foglalkoz\u00e1si \u00e1gakban t\u00f6rt\u00e9n\u0151 mindennapi munkav\u00e9gz\u00e9sre, a szakk\u00e9pes\u00edt\u00e9si tev\u00e9kenys\u00e9gekre \u00e9s a B2 alapfok\u00fa tanfolyamon val\u00f3 r\u00e9szv\u00e9telre. Figyelembe veszi a c\u00e9lcsoport heterogenit\u00e1s\u00e1t, k\u00fcl\u00f6n\u00f6sen a l\u00e9pcs\u0151zetes el\u0151rehalad\u00e1ssal, a megfelel\u0151 feladatt\u00edpusokkal \u00e9s form\u00e1tumokkal, valamint az \u00f6sszetett tartalmak egyszer\u0171 magyar\u00e1zataival. A tananyagk\u00f6nyv minden m\u00e1sodik leck\u00e9je ut\u00e1n a k\u00f6ztes meg\u00e1ll\u00f3k lehet\u0151s\u00e9get ny\u00fajtanak a tartalom j\u00e1t\u00e9kos, kommunikat\u00edv \u00e9s interakt\u00edv m\u00f3don t\u00f6rt\u00e9n\u0151 elm\u00e9ly\u00edt\u00e9s\u00e9re \u00e9s ism\u00e9tl\u00e9s\u00e9re, hogy a tanul\u00f3i motiv\u00e1ci\u00f3 el\u0151seg\u00edtse a tanul\u00e1st. Minden k\u00e9szs\u00e9get egyform\u00e1n gyakorolunk &#8211; kombin\u00e1lt form\u00e1ban is, a k\u00f6zvet\u00edt\u00e9si k\u00e9szs\u00e9gek gyakorl\u00e1sa \u00e9rdek\u00e9ben. A tank\u00f6nyv minden lecke ut\u00e1n sz\u00f3kincslist\u00e1t is tartalmaz, valamint k\u00fcl\u00f6n fejezet foglalkozik a kiejt\u00e9sgyakorl\u00e1ssal.<\/p>\n<p>&nbsp;<\/p>\n<p>A tanfolyam tank\u00f6nyve k\u00f6vetkezetesen felk\u00e9sz\u00edt a B1 szaknyelvi tanfolyam z\u00e1r\u00f3vizsg\u00e1j\u00e1ra, a Deutsch-Test f\u00fcr den Beruf B1 vizsg\u00e1ra. A vizsg\u00e1ra illeszked\u0151 lecke l\u00e9p\u00e9sr\u0151l l\u00e9p\u00e9sre vezeti be a nyelvtanul\u00f3kat az \u00faj vizsgaform\u00e1tumba. A leck\u00e9khez tartoz\u00f3 k\u00f6ztes tesztek \u00e9s egy gyakorl\u00f3 teszt z\u00e1rja le a vizsg\u00e1ra felk\u00e9sz\u00edt\u0151 k\u00f6nyvet.<\/p>\n<p>&nbsp;<\/p>\n<p>A tank\u00f6nyv megold\u00e1sait, hangsz\u00f6vegeit \u00e9s hangf\u00e1jljait, valamint a tan\u00e1ri k\u00e9zik\u00f6nyveket, a k\u00fcl\u00f6nb\u00f6z\u0151 nyelv\u0171 sz\u00f3kincslist\u00e1kat \u00e9s egy\u00e9b kieg\u00e9sz\u00edt\u0151 anyagokat <a href=\"https:\/\/www.telc.net\/lehrmaterialien\/downloadbereich\/\" target=\"_blank\" rel=\"noopener\">itt ingyenesen<\/a> let\u00f6ltheti.<\/p>","protected":false},"excerpt":{"rendered":"<p><strong>Einfach besser! B1<\/strong> a leg\u00fajabb B1 szakir\u00e1ny\u00fa tanfolyamokhoz kifejlesztett tank\u00f6nyv. Tananyagot k\u00edn\u00e1l 400 tan\u00edt\u00e1si egys\u00e9ghez \u00e9s c\u00e9lzott felk\u00e9sz\u00edt\u00e9st a B1 n\u00e9met szakmai nyelvvizsg\u00e1ra.<\/p>","protected":false},"featured_media":2165,"template":"","meta":{"_seopress_robots_primary_cat":"none","_seopress_titles_title":"","_seopress_titles_desc":"","_seopress_robots_index":""},"product_brand":[],"product_cat":[43,66],"product_tag":[23,24,25,26],"class_list":{"0":"post-2163","1":"product","2":"type-product","3":"status-publish","4":"has-post-thumbnail","6":"product_cat-konyvek","7":"product_cat-nemet","8":"product_tag-diakoknak","9":"product_tag-felkeszules","10":"product_tag-nemet","11":"product_tag-nyelvtanaroknak","12":"pa_szintek-b1-alapfok","14":"first","15":"instock","16":"taxable","17":"shipping-taxable","18":"purchasable","19":"product-type-simple"},"_links":{"self":[{"href":"https:\/\/shop.telc.hu\/en\/wp-json\/wp\/v2\/product\/2163","targetHints":{"allow":["GET"]}}],"collection":[{"href":"https:\/\/shop.telc.hu\/en\/wp-json\/wp\/v2\/product"}],"about":[{"href":"https:\/\/shop.telc.hu\/en\/wp-json\/wp\/v2\/types\/product"}],"version-history":[{"count":1,"href":"https:\/\/shop.telc.hu\/en\/wp-json\/wp\/v2\/product\/2163\/revisions"}],"predecessor-version":[{"id":2164,"href":"https:\/\/shop.telc.hu\/en\/wp-json\/wp\/v2\/product\/2163\/revisions\/2164"}],"wp:featuredmedia":[{"embeddable":true,"href":"https:\/\/shop.telc.hu\/en\/wp-json\/wp\/v2\/media\/2165"}],"wp:attachment":[{"href":"https:\/\/shop.telc.hu\/en\/wp-json\/wp\/v2\/media?parent=2163"}],"wp:term":[{"taxonomy":"product_brand","embeddable":true,"href":"https:\/\/shop.telc.hu\/en\/wp-json\/wp\/v2\/product_brand?post=2163"},{"taxonomy":"product_cat","embeddable":true,"href":"https:\/\/shop.telc.hu\/en\/wp-json\/wp\/v2\/product_cat?post=2163"},{"taxonomy":"product_tag","embeddable":true,"href":"https:\/\/shop.telc.hu\/en\/wp-json\/wp\/v2\/product_tag?post=2163"}],"curies":[{"name":"wp","href":"https:\/\/api.w.org\/{rel}","templated":true}]}}