{"id":2177,"date":"2025-02-27T15:41:20","date_gmt":"2025-02-27T14:41:20","guid":{"rendered":"https:\/\/shop.telc.hu\/?post_type=product&#038;p=2177"},"modified":"2026-03-03T14:29:30","modified_gmt":"2026-03-03T13:29:30","slug":"einfach-besser-400-deutsch-fur-berufssprachkurse-b2-kurs-und-arbeitsbuch","status":"publish","type":"product","link":"https:\/\/shop.telc.hu\/en\/product\/einfach-besser-400-deutsch-fur-berufssprachkurse-b2-kurs-und-arbeitsbuch\/","title":{"rendered":"Einfach besser! 400 Deutsch f\u00fcr Berufssprachkurse B2 Kurs- und Arbeitsbuch"},"content":{"rendered":"<p>A tank\u00f6nyv k\u00f6vetkezetesen a B2-es alaptanfolyam koncepci\u00f3j\u00e1ra \u00e9s a szakmai n\u00e9met nyelvoktat\u00e1sra \u00e9p\u00fcl.<\/p>\n<p>Mind a tizenk\u00e9t lecke felk\u00e9sz\u00edt a mindennapi munkav\u00e9gz\u00e9sre a min\u0151s\u00edtett szakmai \u00e1gazatokban. A B2 kompetenciaszint nyelvi jelens\u00e9geit szakmai kontextusban ismertetj\u00fck, gyakoroljuk \u00e9s t\u00e1rgyaljuk. <strong>Einfach besser! 400<\/strong> minden k\u00e9szs\u00e9get egyform\u00e1n fejleszt.<\/p>\n<p>Emellett a multikultur\u00e1lis kompetenci\u00e1t \u00e9s a k\u00f6zvet\u00edt\u0151i k\u00e9pess\u00e9get is el\u0151seg\u00edtik. Ezen k\u00edv\u00fcl integr\u00e1lt sz\u00f3kincsgyakorlatot tal\u00e1l, valamint k\u00fcl\u00f6n fejezetet a fonetik\u00e1r\u00f3l. A v\u00e1ltozatos gyakorlatokat tanul\u00e1si j\u00e1t\u00e9kok \u00e9s tanul\u00e1si gyakorlatok eg\u00e9sz\u00edtik ki, teszik sz\u00f3rakoztat\u00f3v\u00e1, \u00e9s t\u00e1mogatj\u00e1k a tan\u00e1rokat a differenci\u00e1lt oktat\u00e1sban.<\/p>\n<p>A leck\u00e9khez tartoz\u00f3 k\u00f6ztes tesztek \u00e9s egy teljes gyakorl\u00f3 teszt<strong><a href=\"https:\/\/www.telc.net\/lehrmaterialien\/downloadbereich\/\" target=\"_blank\" rel=\"noopener\"> itt<\/a> tal\u00e1lhat\u00f3<\/strong>. Ugyanitt tal\u00e1lja a tank\u00f6nyvh\u00f6z tartoz\u00f3 megold\u00e1sokat, hangf\u00e1jlokat, hall\u00e1s ut\u00e1ni sz\u00f6vegeket \u00e9s sz\u00f3kincslist\u00e1kat, valamint tan\u00e1ri k\u00e9zik\u00f6nyveket is.<\/p>","protected":false},"excerpt":{"rendered":"<p>Einfach besser! 400 az ide\u00e1lis B2-es tank\u00f6nyv a munkaorient\u00e1lt n\u00e9met\u00f3r\u00e1khoz, 400 tan\u00f3ra anyag\u00e1val. Sz\u00e9les szakmai spektrumot \u00e9s a szakk\u00e9pz\u00e9sben a kommunik\u00e1ci\u00f3 minden fontos ter\u00fclet\u00e9t lefedi. A tank\u00f6nyv a B2-es munkahelyi n\u00e9met nyelvvizsg\u00e1ra val\u00f3 ide\u00e1lis vizsgafelk\u00e9sz\u00edt\u00e9st is tartalmazza.<\/p>","protected":false},"featured_media":2207,"template":"","meta":{"_seopress_robots_primary_cat":"none","_seopress_titles_title":"","_seopress_titles_desc":"","_seopress_robots_index":""},"product_brand":[],"product_cat":[43,66],"product_tag":[23,24,25,26],"class_list":{"0":"post-2177","1":"product","2":"type-product","3":"status-publish","4":"has-post-thumbnail","6":"product_cat-konyvek","7":"product_cat-nemet","8":"product_tag-diakoknak","9":"product_tag-felkeszules","10":"product_tag-nemet","11":"product_tag-nyelvtanaroknak","12":"pa_szintek-b2-kozepfok","14":"first","15":"instock","16":"taxable","17":"shipping-taxable","18":"purchasable","19":"product-type-simple"},"_links":{"self":[{"href":"https:\/\/shop.telc.hu\/en\/wp-json\/wp\/v2\/product\/2177","targetHints":{"allow":["GET"]}}],"collection":[{"href":"https:\/\/shop.telc.hu\/en\/wp-json\/wp\/v2\/product"}],"about":[{"href":"https:\/\/shop.telc.hu\/en\/wp-json\/wp\/v2\/types\/product"}],"version-history":[{"count":1,"href":"https:\/\/shop.telc.hu\/en\/wp-json\/wp\/v2\/product\/2177\/revisions"}],"predecessor-version":[{"id":2178,"href":"https:\/\/shop.telc.hu\/en\/wp-json\/wp\/v2\/product\/2177\/revisions\/2178"}],"wp:featuredmedia":[{"embeddable":true,"href":"https:\/\/shop.telc.hu\/en\/wp-json\/wp\/v2\/media\/2207"}],"wp:attachment":[{"href":"https:\/\/shop.telc.hu\/en\/wp-json\/wp\/v2\/media?parent=2177"}],"wp:term":[{"taxonomy":"product_brand","embeddable":true,"href":"https:\/\/shop.telc.hu\/en\/wp-json\/wp\/v2\/product_brand?post=2177"},{"taxonomy":"product_cat","embeddable":true,"href":"https:\/\/shop.telc.hu\/en\/wp-json\/wp\/v2\/product_cat?post=2177"},{"taxonomy":"product_tag","embeddable":true,"href":"https:\/\/shop.telc.hu\/en\/wp-json\/wp\/v2\/product_tag?post=2177"}],"curies":[{"name":"wp","href":"https:\/\/api.w.org\/{rel}","templated":true}]}}