{"id":2188,"date":"2025-02-27T15:48:47","date_gmt":"2025-02-27T14:48:47","guid":{"rendered":"https:\/\/shop.telc.hu\/?post_type=product&#038;p=2188"},"modified":"2026-04-21T19:33:21","modified_gmt":"2026-04-21T17:33:21","slug":"english-practice-material-a2-b1","status":"publish","type":"product","link":"https:\/\/shop.telc.hu\/en\/product\/english-practice-material-a2-b1\/","title":{"rendered":"English Practice Material A2-B1"},"content":{"rendered":"<p><em>English Practice Material A2\/B1 <\/em>h\u00e1rom k\u00f6nyvb\u0151l \u00e1ll \u2013 Olvas\u00e1s, \u00cdr\u00e1s, Besz\u00e9d\u00e9rt\u00e9s.<\/p>\n<p>Az<em> English Practice Material A2\/B1 <\/em>seg\u00edts\u00e9g\u00e9vel a nyelvtanul\u00f3k A2 \u00e9s B1 szinteken b\u0151v\u00edthetik tud\u00e1sukat \u00e9s fejleszthetik nyelvi k\u00e9szs\u00e9geiket.<br \/>\nA k\u00f6nyvekben tal\u00e1lhat\u00f3 20 r\u00f6vid modul mindegyike a KER megfelel\u0151 deskriptoraihoz kapcsol\u00f3dik \u00e9s t\u00e9m\u00e1ja egy-egy meghat\u00e1rozott emberi \u00e9rzelem k\u00f6r\u00e9 \u00e9p\u00fcl (pl. \u00f6r\u00f6m, meglepet\u00e9s, csal\u00f3dotts\u00e1g). A modulok egym\u00e1st\u00f3l teljesen f\u00fcggetlenek, ez\u00e1ltal az oszt\u00e1lytermi gyakorl\u00e1shoz k\u00f6nnyen, rugalmasan \u00e9s tetsz\u0151leges sorrendben felhaszn\u00e1lhat\u00f3k. A nyelvtanul\u00f3k ig\u00e9nyeit\u0151l f\u00fcgg\u0151en az \u00f6n\u00e1ll\u00f3 modulok alkalmasak a nyelvi k\u00e9szs\u00e9gek \u00e9s a KER \u00e1ltal meghat\u00e1rozott kompetenci\u00e1k fejleszt\u00e9s\u00e9re vagy az \u00e9rzelmekkel kapcsolatos t\u00e9mak\u00f6r\u00f6k feldolgoz\u00e1s\u00e1ra. A k\u00f6nyvek tartalmazz\u00e1k a megold\u00f3kulcsot.<\/p>\n<p>A tan\u00e1rok h\u00e1tt\u00e9rinform\u00e1ci\u00f3kat, tippeket az anyag tan\u00f3rai felhaszn\u00e1l\u00e1s\u00e1hoz \u00e9s \u00f6tleteket tov\u00e1bbi tan\u00edt\u00e1si tev\u00e9kenys\u00e9gekhez tal\u00e1lnak a tan\u00e1ri k\u00e9zik\u00f6nyvben, amely<strong><span style=\"color: #ff0000\"><a style=\"color: #ff0000\" href=\"https:\/\/shop.telc.hu\/wp-content\/uploads\/2025\/02\/20160121_5198-PrM-60010101_HF_Reading.pdf\" target=\"_blank\" rel=\"noopener\"> itt ingyenesen let\u00f6lthet\u0151<\/a><\/span><\/strong> a\u00a0weboldalr\u00f3l.<\/p>\n<p>Az English Practice Material A2-B1 \u00e9s B1-B2 szinteken \u00e9rhet\u0151 el. A telc vizsg\u00e1kra val\u00f3 optim\u00e1lis felk\u00e9sz\u00fcl\u00e9s \u00e9rdek\u00e9ben a megfelel\u0151 KER-szint\u0171 gyakorl\u00f3 tesztet kell haszn\u00e1lni.<\/p>","protected":false},"excerpt":{"rendered":"<p>A k\u00f6nyv seg\u00edts\u00e9g\u00e9vel A2 \u00e9s B1 szinteken b\u0151v\u00edthetik tud\u00e1sukat \u00e9s fejleszthetik nyelvi k\u00e9szs\u00e9geiket.<\/p>","protected":false},"featured_media":2209,"template":"","meta":{"_seopress_robots_primary_cat":"none","_seopress_titles_title":"","_seopress_titles_desc":"","_seopress_robots_index":""},"product_brand":[],"product_cat":[59,43],"product_tag":[29,23,24,26],"class_list":{"0":"post-2188","1":"product","2":"type-product","3":"status-publish","4":"has-post-thumbnail","6":"product_cat-angol","7":"product_cat-konyvek","8":"product_tag-angol","9":"product_tag-diakoknak","10":"product_tag-felkeszules","11":"product_tag-nyelvtanaroknak","12":"pa_szintek-a1-02","13":"pa_szintek-b1-alapfok","15":"first","16":"instock","17":"taxable","18":"shipping-taxable","19":"purchasable","20":"product-type-simple"},"_links":{"self":[{"href":"https:\/\/shop.telc.hu\/en\/wp-json\/wp\/v2\/product\/2188","targetHints":{"allow":["GET"]}}],"collection":[{"href":"https:\/\/shop.telc.hu\/en\/wp-json\/wp\/v2\/product"}],"about":[{"href":"https:\/\/shop.telc.hu\/en\/wp-json\/wp\/v2\/types\/product"}],"version-history":[{"count":4,"href":"https:\/\/shop.telc.hu\/en\/wp-json\/wp\/v2\/product\/2188\/revisions"}],"predecessor-version":[{"id":2935,"href":"https:\/\/shop.telc.hu\/en\/wp-json\/wp\/v2\/product\/2188\/revisions\/2935"}],"wp:featuredmedia":[{"embeddable":true,"href":"https:\/\/shop.telc.hu\/en\/wp-json\/wp\/v2\/media\/2209"}],"wp:attachment":[{"href":"https:\/\/shop.telc.hu\/en\/wp-json\/wp\/v2\/media?parent=2188"}],"wp:term":[{"taxonomy":"product_brand","embeddable":true,"href":"https:\/\/shop.telc.hu\/en\/wp-json\/wp\/v2\/product_brand?post=2188"},{"taxonomy":"product_cat","embeddable":true,"href":"https:\/\/shop.telc.hu\/en\/wp-json\/wp\/v2\/product_cat?post=2188"},{"taxonomy":"product_tag","embeddable":true,"href":"https:\/\/shop.telc.hu\/en\/wp-json\/wp\/v2\/product_tag?post=2188"}],"curies":[{"name":"wp","href":"https:\/\/api.w.org\/{rel}","templated":true}]}}