{"id":22,"date":"2022-05-15T21:46:43","date_gmt":"2022-05-15T19:46:43","guid":{"rendered":"https:\/\/shop.telc.hu\/?post_type=product&#038;p=22"},"modified":"2026-04-21T10:39:18","modified_gmt":"2026-04-21T08:39:18","slug":"english-b2-exam-training","status":"publish","type":"product","link":"https:\/\/shop.telc.hu\/en\/product\/english-b2-exam-training\/","title":{"rendered":"English B2 Exam Training"},"content":{"rendered":"<p>Tank\u00f6nyvszer\u0171en fel\u00e9p\u00edtett nyelvvizsgafelk\u00e9sz\u00edt\u0151 k\u00f6nyv, amely egyes\u00e9vel mutatja be a feladatt\u00edpusokat, mindegyiknek egy-egy k\u00fcl\u00f6n fejezetet szentelve. A kiadv\u00e1ny hasznos vizsgatippekkel, tr\u00fckk\u00f6kkel, seg\u00edt\u0151 tan\u00e1csokkal l\u00e1tja el az olvas\u00f3t.<\/p>\n<p>Nemcsak r\u00e9szleteiben mutatja be a vizsg\u00e1n v\u00e1rhat\u00f3 feladatokat, de minden fejezet tartalmaz egy-egy autentikus vizsgafeladatot is. A k\u00f6nyv sz\u00f3k\u00e9szlete fejleszti a sz\u00f3kincsedet, hogy megfelelj a k\u00f6z\u00e9pfok\u00fa vizsg\u00e1n elv\u00e1rt szintnek \u00e9s a nyelvtan kritikus pontjait is \u00e1tism\u00e9tli. A k\u00f6nyv teljes hanganyag\u00e1t el\u00e9rheted online form\u00e1ban, a megold\u00f3kulcs biztos\u00edtja az \u00f6n\u00e1ll\u00f3 tanul\u00e1s lehet\u0151s\u00e9g\u00e9t. A kiadv\u00e1ny egy komplett vizsgateszttel z\u00e1rul.<\/p>\n<p>A kiadv\u00e1ny<br \/>\n\u2022 tartalmaz egy eredeti telc vizsgafeladatsort<br \/>\n\u2022 minden vizsgar\u00e9sz gyakorl\u00e1s\u00e1hoz ad seg\u00edts\u00e9get<br \/>\n\u2022 online let\u00f6lthet\u0151 hanganyagokat haszn\u00e1l<br \/>\n\u2022 l\u00e9p\u00e9sr\u0151l l\u00e9p\u00e9sre vezet el a vizsgafeladatokig<br \/>\n\u2022 hasznos tan\u00e1csokat, \u00fatmutat\u00e1st ad a feldolgoz\u00e1shoz<br \/>\n\u2022 igazodik az \u00e1llami vizsgarendszer \u00e1ltal el\u0151\u00edrt k\u00f6vetelm\u00e9nyekhez<\/p>\n<p><span style=\"color: #a81411\"><strong>Audio files<\/strong><\/span><\/p>\n<p><a href=\"https:\/\/telc.hu\/b2-english-konyv-landing\/hanganyagok\/\" target=\"_blank\" rel=\"noopener\">https:\/\/telc.hu\/b2-english-konyv-landing\/hanganyagok\/<\/a><\/p>","protected":false},"excerpt":{"rendered":"<p>Minden egy k\u00f6nyvben, ami az angol k\u00f6z\u00e9pfok\u00fa nyelvvizsg\u00e1hoz kell: az \u00f6sszes tipp, a felk\u00e9sz\u00edt\u0151 feladatok, mintateszt, let\u00f6lthet\u0151 hanganyag.<\/p>\n<p>A kiadv\u00e1ny<br \/>\n\u2022 tartalmaz egy eredeti telc vizsgafeladatsort<br \/>\n\u2022 minden vizsgar\u00e9sz gyakorl\u00e1s\u00e1hoz ad seg\u00edts\u00e9get<br \/>\n\u2022 online let\u00f6lthet\u0151 hanganyagokat haszn\u00e1l<br \/>\n\u2022 l\u00e9p\u00e9sr\u0151l l\u00e9p\u00e9sre vezet el a vizsgafeladatokig<br \/>\n\u2022 hasznos tan\u00e1csokat, \u00fatmutat\u00e1st ad a feldolgoz\u00e1shoz<br \/>\n\u2022 igazodik az \u00e1llami vizsgarendszer \u00e1ltal el\u0151\u00edrt k\u00f6vetelm\u00e9nyekhez<\/p>\n<p><span style=\"color: #a81411\"><strong>Audio files<\/strong><\/span><\/p>\n<p><a href=\"https:\/\/telc.hu\/b2-english-konyv-landing\/hanganyagok\/\" target=\"_blank\" rel=\"noopener\">https:\/\/telc.hu\/b2-english-konyv-landing\/hanganyagok\/<\/a><\/p>","protected":false},"featured_media":68,"template":"","meta":{"_seopress_robots_primary_cat":"none","_seopress_titles_title":"","_seopress_titles_desc":"","_seopress_robots_index":""},"product_brand":[],"product_cat":[59,43],"product_tag":[29,23,24,56,26],"class_list":{"0":"post-22","1":"product","2":"type-product","3":"status-publish","4":"has-post-thumbnail","6":"product_cat-angol","7":"product_cat-konyvek","8":"product_tag-angol","9":"product_tag-diakoknak","10":"product_tag-felkeszules","11":"product_tag-kozepfoku","12":"product_tag-nyelvtanaroknak","13":"pa_szintek-b2-kozepfok","15":"first","16":"instock","17":"taxable","18":"shipping-taxable","19":"purchasable","20":"product-type-simple"},"_links":{"self":[{"href":"https:\/\/shop.telc.hu\/en\/wp-json\/wp\/v2\/product\/22","targetHints":{"allow":["GET"]}}],"collection":[{"href":"https:\/\/shop.telc.hu\/en\/wp-json\/wp\/v2\/product"}],"about":[{"href":"https:\/\/shop.telc.hu\/en\/wp-json\/wp\/v2\/types\/product"}],"version-history":[{"count":9,"href":"https:\/\/shop.telc.hu\/en\/wp-json\/wp\/v2\/product\/22\/revisions"}],"predecessor-version":[{"id":2940,"href":"https:\/\/shop.telc.hu\/en\/wp-json\/wp\/v2\/product\/22\/revisions\/2940"}],"wp:featuredmedia":[{"embeddable":true,"href":"https:\/\/shop.telc.hu\/en\/wp-json\/wp\/v2\/media\/68"}],"wp:attachment":[{"href":"https:\/\/shop.telc.hu\/en\/wp-json\/wp\/v2\/media?parent=22"}],"wp:term":[{"taxonomy":"product_brand","embeddable":true,"href":"https:\/\/shop.telc.hu\/en\/wp-json\/wp\/v2\/product_brand?post=22"},{"taxonomy":"product_cat","embeddable":true,"href":"https:\/\/shop.telc.hu\/en\/wp-json\/wp\/v2\/product_cat?post=22"},{"taxonomy":"product_tag","embeddable":true,"href":"https:\/\/shop.telc.hu\/en\/wp-json\/wp\/v2\/product_tag?post=22"}],"curies":[{"name":"wp","href":"https:\/\/api.w.org\/{rel}","templated":true}]}}