{"id":2210,"date":"2025-02-27T16:30:21","date_gmt":"2025-02-27T15:30:21","guid":{"rendered":"https:\/\/shop.telc.hu\/?post_type=product&#038;p=2210"},"modified":"2026-02-08T19:44:38","modified_gmt":"2026-02-08T18:44:38","slug":"jubileumi-csomag","status":"publish","type":"product","link":"https:\/\/shop.telc.hu\/en\/product\/jubileumi-csomag\/","title":{"rendered":"Jubileumi csomag &#8211; Schreibtraining \u00e9s a mintamegold\u00e1sok (Musterl\u00f6sungen Deutsch f\u00fcr den Beruf B2) egy csomagban"},"content":{"rendered":"<p>A <strong>Schreibtraining &#8211; Deutsch f\u00fcr den Beruf B2<\/strong> minden olyan nyelvi tev\u00e9kenys\u00e9ghez k\u00edn\u00e1l \u00edr\u00e1sgyakorlatokat, amelyek a <strong>szakmai k\u00f6rnyezetben<\/strong> relev\u00e1nsak. Fontos sz\u00f6vegt\u00edpusokat gyakorol, \u00e9s figyelembe veszi a k\u00e9pz\u00e9s, a munka \u00e9s a tov\u00e1bbk\u00e9pz\u00e9s fontos kommunik\u00e1ci\u00f3s ter\u00fcleteit sz\u00e1mos k\u00fcl\u00f6nb\u00f6z\u0151 szakm\u00e1ban. A hallgat\u00f3k megtanulj\u00e1k, hogyan fejezz\u00e9k ki magukat megfelel\u0151en k\u00fcl\u00f6nb\u00f6z\u0151 helyzetekben, k\u00fcl\u00f6nb\u00f6z\u0151 besz\u00e9lget\u0151partnerekkel. M\u00edg a <strong>Schreibtraining &#8211; Deutsch f\u00fcr den Beruf B2<\/strong> kiadv\u00e1ny els\u0151 r\u00e9sze v\u00e1ltozatos gyakorlatok seg\u00edts\u00e9g\u00e9vel l\u00e9p\u00e9sr\u0151l l\u00e9p\u00e9sre megtan\u00edtja az \u00f6n\u00e1ll\u00f3 sz\u00f6vegalkot\u00e1s fontos strat\u00e9gi\u00e1it, addig a m\u00e1sodik r\u00e9sz lehet\u0151v\u00e9 teszi a hallgat\u00f3k sz\u00e1m\u00e1ra, hogy tizenk\u00e9t val\u00f3s\u00e1gh\u0171, k\u00fcl\u00f6nb\u00f6z\u0151 szerepeket \u00e9s feladatokat tartalmaz\u00f3 r\u00e9szben azonnal alkalmazz\u00e1k a tanult \u00edr\u00e1sk\u00e9szs\u00e9geket.<\/p>\n<p>Ha szakmai nyelvtanfolyamokon a telc B2-es tank\u00f6nyvek valamelyik\u00e9vel dolgozik, a Schreibtraining ide\u00e1lis kieg\u00e9sz\u00edt\u0151je lesz a k\u00e9pz\u00e9snek.<\/p>\n<p>A<strong> Schreibtraining Deutsch f\u00fcr den Beruf B2 Musterl\u00f6sungen B2,<\/strong> \u00a0a Schreibtraining kiadv\u00e1nyhoz tartoz\u00f3 mintamegold\u00e1sokban p\u00e9ld\u00e1kat tal\u00e1l arra, hogyan kell a B2 kompetenciaszint\u0171 szakmai vizsg\u00e1n el\u0151fordul\u00f3 \u00edr\u00e1sbeli feladatokat megoldani. Ezek k\u00f6z\u00e9 tartoznak az e-mailek, levelek, jegyzetek, besz\u00e9lget\u00e9sek, jelent\u00e9sek \u00e9s m\u00e9g sok m\u00e1s.<\/p>","protected":false},"excerpt":{"rendered":"<p>Jubileumi csomag! A Schreibtraining Deutsch f\u00fcr den Beruf B2 ide\u00e1lis kieg\u00e9sz\u00edt\u0151 anyag a B2 szint\u0171 nyelvtanul\u00f3k sz\u00e1m\u00e1ra, hogy fejlessz\u00e9k \u00edr\u00e1sbeli kommunik\u00e1ci\u00f3s k\u00e9szs\u00e9geiket.<\/p>\n<p>A megfelel\u0151 mintamegold\u00e1sok seg\u00edts\u00e9g\u00e9vel a nyelvtanul\u00f3k az \u00edr\u00e1sbeli feladatok \u00f6n\u00e1ll\u00f3 megold\u00e1sa ut\u00e1n ellen\u0151rizhetik \u00e9s rendszeresen gyakorolhatj\u00e1k \u00edr\u00e1sbeli kommunik\u00e1ci\u00f3s k\u00e9szs\u00e9geiket.<\/p>","protected":false},"featured_media":2212,"template":"","meta":{"_seopress_robots_primary_cat":"none","_seopress_titles_title":"","_seopress_titles_desc":"","_seopress_robots_index":""},"product_brand":[],"product_cat":[43,66],"product_tag":[23,24,25,26],"class_list":{"0":"post-2210","1":"product","2":"type-product","3":"status-publish","4":"has-post-thumbnail","6":"product_cat-konyvek","7":"product_cat-nemet","8":"product_tag-diakoknak","9":"product_tag-felkeszules","10":"product_tag-nemet","11":"product_tag-nyelvtanaroknak","12":"pa_szintek-b2-kozepfok","14":"first","15":"instock","16":"taxable","17":"shipping-taxable","18":"purchasable","19":"product-type-simple"},"_links":{"self":[{"href":"https:\/\/shop.telc.hu\/en\/wp-json\/wp\/v2\/product\/2210","targetHints":{"allow":["GET"]}}],"collection":[{"href":"https:\/\/shop.telc.hu\/en\/wp-json\/wp\/v2\/product"}],"about":[{"href":"https:\/\/shop.telc.hu\/en\/wp-json\/wp\/v2\/types\/product"}],"version-history":[{"count":2,"href":"https:\/\/shop.telc.hu\/en\/wp-json\/wp\/v2\/product\/2210\/revisions"}],"predecessor-version":[{"id":2213,"href":"https:\/\/shop.telc.hu\/en\/wp-json\/wp\/v2\/product\/2210\/revisions\/2213"}],"wp:featuredmedia":[{"embeddable":true,"href":"https:\/\/shop.telc.hu\/en\/wp-json\/wp\/v2\/media\/2212"}],"wp:attachment":[{"href":"https:\/\/shop.telc.hu\/en\/wp-json\/wp\/v2\/media?parent=2210"}],"wp:term":[{"taxonomy":"product_brand","embeddable":true,"href":"https:\/\/shop.telc.hu\/en\/wp-json\/wp\/v2\/product_brand?post=2210"},{"taxonomy":"product_cat","embeddable":true,"href":"https:\/\/shop.telc.hu\/en\/wp-json\/wp\/v2\/product_cat?post=2210"},{"taxonomy":"product_tag","embeddable":true,"href":"https:\/\/shop.telc.hu\/en\/wp-json\/wp\/v2\/product_tag?post=2210"}],"curies":[{"name":"wp","href":"https:\/\/api.w.org\/{rel}","templated":true}]}}