{"id":2235,"date":"2025-03-04T13:31:15","date_gmt":"2025-03-04T12:31:15","guid":{"rendered":"https:\/\/shop.telc.hu\/?post_type=product&#038;p=2235"},"modified":"2026-03-12T09:25:11","modified_gmt":"2026-03-12T08:25:11","slug":"einfach-gut-international-deutsch-als-fremdsprache-b1-2-tankonyv-es-munkafuzet","status":"publish","type":"product","link":"https:\/\/shop.telc.hu\/en\/product\/einfach-gut-international-deutsch-als-fremdsprache-b1-2-tankonyv-es-munkafuzet\/","title":{"rendered":"Einfach gut! International Deutsch als Fremdsprache B1.2 Tank\u00f6nyv \u00e9s munkaf\u00fczet"},"content":{"rendered":"<p>Einfach gut! International tank\u00f6nyvet a k\u00fcl\u00f6nb\u00f6z\u0151 n\u00e9met nyelvtanfolyamokon val\u00f3 haszn\u00e1latra fejlesztett\u00e9k ki vil\u00e1gszerte. Az Einfach gut! c\u00edm\u0171, m\u00e1r bev\u00e1lt tank\u00f6nyvre \u00e9p\u00fcl, \u00e9s nyelvileg felk\u00e9sz\u00edti a tanul\u00f3kat a n\u00e9met nyelv\u0171 orsz\u00e1gokban val\u00f3 \u00e9letre. A B1.1 k\u00f6tet a B1.2-vel egy\u00fctt a B1 szintre k\u00e9sz\u00edt fel.<\/p>\n<p>Az Einfach gut! International seg\u00edts\u00e9g\u00e9vel a r\u00e9sztvev\u0151k megtanulnak megfelel\u0151en kommunik\u00e1lni n\u00e9met\u00fcl, \u00e9s a mindennapi \u00e9let \u00e9s a munka k\u00fcl\u00f6nb\u00f6z\u0151 ter\u00fcletein kifejezni a v\u00e9lem\u00e9ny\u00fcket. Fokozatosan bevezetik \u0151ket a kult\u00far\u00e1k k\u00f6z\u00f6tti tapasztalatcser\u00e9be.<\/p>\n<p><strong>A tanfolyam tank\u00f6nyve<\/strong><\/p>\n<ul>\n<li>minden relev\u00e1ns, a mindennapi \u00e9lethez \u00e9s a munk\u00e1hoz kapcsol\u00f3d\u00f3 t\u00e9m\u00e1t feldolgoz.<\/li>\n<li>m\u00f3dszeresen felk\u00e9sz\u00edti a tanul\u00f3kat a vizsga jelleg\u0171 feladatokra.<\/li>\n<li>sz\u00e1mos extr\u00e1t k\u00edn\u00e1l: k\u00f6ztes teszteket a tanul\u00e1si c\u00e9lok ellen\u0151rz\u00e9s\u00e9re, integr\u00e1lt fejezetet a kiejt\u00e9sgyakorl\u00e1sr\u00f3l \u00e9s tov\u00e1bbi sz\u00f3kincsgyakorlatokat.<\/li>\n<li>a K\u00f6z\u00f6s Eur\u00f3pai Referenciakerethez igazodik.<\/li>\n<li>gyakorl\u00f3 teszteket tartalmaz az A1, A2 \u00e9s B1 szint\u0171 nyelvvizsg\u00e1khoz.<\/li>\n<li>A tank\u00f6nyv optim\u00e1lis seg\u00edts\u00e9get ny\u00fajt a n\u00e9met nyelvtud\u00e1st igazol\u00f3 vizsg\u00e1kra val\u00f3 felk\u00e9sz\u00fcl\u00e9shez a leteleped\u00e9shez, honos\u00edt\u00e1shoz vagy szakmai ismeretekhez.<\/li>\n<\/ul>","protected":false},"excerpt":{"rendered":"<p>Einfach gut! International tank\u00f6nyvet a k\u00fcl\u00f6nb\u00f6z\u0151 n\u00e9met nyelvtanfolyamokon val\u00f3 haszn\u00e1latra fejlesztett\u00e9k ki vil\u00e1gszerte. Az Einfach gut! c\u00edm\u0171, m\u00e1r bev\u00e1lt tank\u00f6nyvre \u00e9p\u00fcl, \u00e9s nyelvileg felk\u00e9sz\u00edti a tanul\u00f3kat a n\u00e9met nyelv\u0171 orsz\u00e1gokban val\u00f3 \u00e9letre. A B1.1 k\u00f6tet a B1.2-vel egy\u00fctt a B1 szintre k\u00e9sz\u00edt fel.<\/p>\n<p>Az Einfach gut! International seg\u00edts\u00e9g\u00e9vel a r\u00e9sztvev\u0151k megtanulnak megfelel\u0151en kommunik\u00e1lni n\u00e9met\u00fcl, \u00e9s a mindennapi \u00e9let \u00e9s a munka k\u00fcl\u00f6nb\u00f6z\u0151 ter\u00fcletein kifejezni a v\u00e9lem\u00e9ny\u00fcket. Fokozatosan bevezetik \u0151ket a kult\u00far\u00e1k k\u00f6z\u00f6tti tapasztalatcser\u00e9be.<\/p>","protected":false},"featured_media":2237,"template":"","meta":{"_seopress_robots_primary_cat":"none","_seopress_titles_title":"Einfach gut! International Deutsch als Fremdsprache B1.2 Tank\u00f6nyv \u00e9s munkaf\u00fczet","_seopress_titles_desc":"Einfach gut! International tank\u00f6nyvet a k\u00fcl\u00f6nb\u00f6z\u0151 n\u00e9met nyelvtanfolyamokon val\u00f3 haszn\u00e1latra fejlesztett\u00e9k ki vil\u00e1gszerte. Az Einfach gut! c\u00edm\u0171, m\u00e1r bev\u00e1lt tank\u00f6nyvre \u00e9p\u00fcl, \u00e9s nyelvileg felk\u00e9sz\u00edti a tanul\u00f3kat a n\u00e9met nyelv\u0171 orsz\u00e1gokban val\u00f3 \u00e9letre. A B1.1 k\u00f6tet a B1.2-vel egy\u00fctt a B1 szintre k\u00e9sz\u00edt fel.\r\n\r\nAz Einfach gut! International seg\u00edts\u00e9g\u00e9vel a r\u00e9sztvev\u0151k megtanulnak megfelel\u0151en kommunik\u00e1lni n\u00e9met\u00fcl, \u00e9s a mindennapi \u00e9let \u00e9s a munka k\u00fcl\u00f6nb\u00f6z\u0151 ter\u00fcletein kifejezni a v\u00e9lem\u00e9ny\u00fcket. Fokozatosan bevezetik \u0151ket a kult\u00far\u00e1k k\u00f6z\u00f6tti tapasztalatcser\u00e9be.\u00a0","_seopress_robots_index":""},"product_brand":[],"product_cat":[43,66],"product_tag":[23,24,25,26],"class_list":{"0":"post-2235","1":"product","2":"type-product","3":"status-publish","4":"has-post-thumbnail","6":"product_cat-konyvek","7":"product_cat-nemet","8":"product_tag-diakoknak","9":"product_tag-felkeszules","10":"product_tag-nemet","11":"product_tag-nyelvtanaroknak","12":"pa_szintek-b1-alapfok","14":"first","15":"instock","16":"taxable","17":"shipping-taxable","18":"purchasable","19":"product-type-simple"},"_links":{"self":[{"href":"https:\/\/shop.telc.hu\/en\/wp-json\/wp\/v2\/product\/2235","targetHints":{"allow":["GET"]}}],"collection":[{"href":"https:\/\/shop.telc.hu\/en\/wp-json\/wp\/v2\/product"}],"about":[{"href":"https:\/\/shop.telc.hu\/en\/wp-json\/wp\/v2\/types\/product"}],"version-history":[{"count":1,"href":"https:\/\/shop.telc.hu\/en\/wp-json\/wp\/v2\/product\/2235\/revisions"}],"predecessor-version":[{"id":2236,"href":"https:\/\/shop.telc.hu\/en\/wp-json\/wp\/v2\/product\/2235\/revisions\/2236"}],"wp:featuredmedia":[{"embeddable":true,"href":"https:\/\/shop.telc.hu\/en\/wp-json\/wp\/v2\/media\/2237"}],"wp:attachment":[{"href":"https:\/\/shop.telc.hu\/en\/wp-json\/wp\/v2\/media?parent=2235"}],"wp:term":[{"taxonomy":"product_brand","embeddable":true,"href":"https:\/\/shop.telc.hu\/en\/wp-json\/wp\/v2\/product_brand?post=2235"},{"taxonomy":"product_cat","embeddable":true,"href":"https:\/\/shop.telc.hu\/en\/wp-json\/wp\/v2\/product_cat?post=2235"},{"taxonomy":"product_tag","embeddable":true,"href":"https:\/\/shop.telc.hu\/en\/wp-json\/wp\/v2\/product_tag?post=2235"}],"curies":[{"name":"wp","href":"https:\/\/api.w.org\/{rel}","templated":true}]}}