{"id":2622,"date":"2025-09-03T12:38:58","date_gmt":"2025-09-03T10:38:58","guid":{"rendered":"https:\/\/shop.telc.hu\/?post_type=product&#038;p=2622"},"modified":"2026-03-18T10:44:28","modified_gmt":"2026-03-18T09:44:28","slug":"telc-orias-falinaptar","status":"publish","type":"product","link":"https:\/\/shop.telc.hu\/en\/product\/telc-orias-falinaptar\/","title":{"rendered":"telc \u00d3ri\u00e1s falinapt\u00e1r 2025\/2026"},"content":{"rendered":"<p>A hagyom\u00e1nyos napt\u00e1rakt\u00f3l elt\u00e9r\u0151en a telc \u00f3ri\u00e1si falinapt\u00e1r augusztust\u00f3l augusztusig tartalmazza a tan\u00e9v rendj\u00e9t, \u00edgy a teljes oktat\u00e1si \u00e9vet.<\/p>\n<h4><strong>Mit tartalmaz a telc \u00f3ri\u00e1si falinapt\u00e1ra?<\/strong><\/h4>\n<ul>\n<li><strong>Nevel\u00e9si \u00e9v sz\u00fcneteit<\/strong>: \u0151szi, t\u00e9li, \u00e9s tavaszi sz\u00fcnetek<\/li>\n<li><strong>Vizsgaid\u0151szakokat<\/strong>: \u00e9retts\u00e9gik \u00e9s egy\u00e9b fontos vizsg\u00e1k id\u0151pontjai<\/li>\n<li><strong>Nemzeti \u00fcnnepeket<\/strong>: p\u00e9ld\u00e1ul az okt\u00f3ber 23-i \u00e9s m\u00e1rcius 15-i \u00fcnnepeket<\/li>\n<li><strong>Vall\u00e1si \u00fcnnepeket<\/strong>: amelyek munkasz\u00fcneti nappal j\u00e1rnak<\/li>\n<li><strong>Vil\u00e1gnapokat \u00e9s eml\u00e9knapokat<\/strong>: amelyek k\u00fcl\u00f6nleges figyelmet \u00e9rdemelnek az oktat\u00e1sban<\/li>\n<li><strong>Munkanapok sz\u00e1ma<\/strong>: havi bont\u00e1sban<\/li>\n<\/ul>\n<p>A napt\u00e1r m\u00e9rete 840\u00d7595 mm.<\/p>","protected":false},"excerpt":{"rendered":"<p>A hagyom\u00e1nyos napt\u00e1rakt\u00f3l elt\u00e9r\u0151en a telc \u00f3ri\u00e1si falinapt\u00e1r augusztust\u00f3l augusztusig tartalmazza a tan\u00e9v rendj\u00e9t, \u00edgy a teljes oktat\u00e1si \u00e9vet.<\/p>\n<h4><strong>Mit tartalmaz a telc \u00f3ri\u00e1si falinapt\u00e1ra?<\/strong><\/h4>\n<ul>\n<li><strong>Tan\u00e9v sz\u00fcneteit<\/strong>: \u0151szi, t\u00e9li, \u00e9s tavaszi sz\u00fcnetek<\/li>\n<li><strong>Vizsgaid\u0151szakokat<\/strong>: \u00e9retts\u00e9gik \u00e9s egy\u00e9b fontos vizsg\u00e1k id\u0151pontjai<\/li>\n<li><strong>Nemzeti \u00fcnnepeket<\/strong>: p\u00e9ld\u00e1ul az okt\u00f3ber 23-i \u00e9s m\u00e1rcius 15-i \u00fcnnepeket<\/li>\n<li><strong>Vall\u00e1si \u00fcnnepeket<\/strong>: amelyek munkasz\u00fcneti nappal j\u00e1rnak<\/li>\n<li><strong>Vil\u00e1gnapokat \u00e9s eml\u00e9knapokat<\/strong>: amelyek k\u00fcl\u00f6nleges figyelmet \u00e9rdemelnek az oktat\u00e1sban<\/li>\n<li><strong>Munkanapok sz\u00e1ma<\/strong>: havi bont\u00e1sban<\/li>\n<\/ul>\n<p>A napt\u00e1r m\u00e9rete 840\u00d7595 mm.<\/p>","protected":false},"featured_media":2620,"template":"","meta":{"_seopress_robots_primary_cat":"none","_seopress_titles_title":"","_seopress_titles_desc":"","_seopress_robots_index":""},"product_brand":[],"product_cat":[15],"product_tag":[23,26,63],"class_list":{"0":"post-2622","1":"product","2":"type-product","3":"status-publish","4":"has-post-thumbnail","6":"product_cat-egyeb","7":"product_tag-diakoknak","8":"product_tag-nyelvtanaroknak","9":"product_tag-probanyelvvizsga","11":"first","12":"outofstock","13":"virtual","14":"purchasable","15":"product-type-simple"},"_links":{"self":[{"href":"https:\/\/shop.telc.hu\/en\/wp-json\/wp\/v2\/product\/2622","targetHints":{"allow":["GET"]}}],"collection":[{"href":"https:\/\/shop.telc.hu\/en\/wp-json\/wp\/v2\/product"}],"about":[{"href":"https:\/\/shop.telc.hu\/en\/wp-json\/wp\/v2\/types\/product"}],"version-history":[{"count":4,"href":"https:\/\/shop.telc.hu\/en\/wp-json\/wp\/v2\/product\/2622\/revisions"}],"predecessor-version":[{"id":2819,"href":"https:\/\/shop.telc.hu\/en\/wp-json\/wp\/v2\/product\/2622\/revisions\/2819"}],"wp:featuredmedia":[{"embeddable":true,"href":"https:\/\/shop.telc.hu\/en\/wp-json\/wp\/v2\/media\/2620"}],"wp:attachment":[{"href":"https:\/\/shop.telc.hu\/en\/wp-json\/wp\/v2\/media?parent=2622"}],"wp:term":[{"taxonomy":"product_brand","embeddable":true,"href":"https:\/\/shop.telc.hu\/en\/wp-json\/wp\/v2\/product_brand?post=2622"},{"taxonomy":"product_cat","embeddable":true,"href":"https:\/\/shop.telc.hu\/en\/wp-json\/wp\/v2\/product_cat?post=2622"},{"taxonomy":"product_tag","embeddable":true,"href":"https:\/\/shop.telc.hu\/en\/wp-json\/wp\/v2\/product_tag?post=2622"}],"curies":[{"name":"wp","href":"https:\/\/api.w.org\/{rel}","templated":true}]}}