{"id":28,"date":"2023-06-12T21:46:44","date_gmt":"2023-06-12T19:46:44","guid":{"rendered":"https:\/\/shop.telc.hu\/?post_type=product&#038;p=28"},"modified":"2026-04-15T17:39:53","modified_gmt":"2026-04-15T15:39:53","slug":"practice-tests-for-telc-english-c1","status":"publish","type":"product","link":"https:\/\/shop.telc.hu\/en\/product\/practice-tests-for-telc-english-c1\/","title":{"rendered":"Practice Tests for telc English C1"},"content":{"rendered":"<p>Kiadv\u00e1nyunk <strong>4 teljes angol C1 feladatsort k\u00edn\u00e1l\u00a0<\/strong>az \u00edr\u00e1sbeli \u00e9s sz\u00f3beli vizsgafelk\u00e9sz\u00fcl\u00e9shez.<\/p>\n<p>A k\u00f6nyv <strong>bevezet\u0151 \u00e1ra: 6900 Ft<\/strong> + postak\u00f6lts\u00e9g<\/p>\n<p>A telc nyelvvizsg\u00e1k k\u00e9t f\u0151 jellemz\u0151je az, hogy a vizsgafeladatsorok vil\u00e1gosan megfogalmazott nyelvi feladatokb\u00f3l \u00e1llnak, valamint, hogy a nyelvvizsgatesztek ki\u00e9rt\u00e9kel\u00e9se standardiz\u00e1lt \u00e9s objekt\u00edv szempontok alapj\u00e1n t\u00f6rt\u00e9nik. Ezek a jellemz\u0151k valamennyi telc nyelvvizsg\u00e1ra vonatkoznak.<br \/>\nAz itt bemutatott vizsgafeladatsorok lehet\u0151v\u00e9 teszik az oktat\u00f3k \u00e9s a di\u00e1kok sz\u00e1m\u00e1ra, hogy szimul\u00e1lj\u00e1k a telc C1-es angol nyelvvizsga pontos k\u00f6r\u00fclm\u00e9nyeit a vizsga menete \u00e9s a vizsgaanyagok szempontj\u00e1b\u00f3l egyar\u00e1nt. \u00cdgy a vizsg\u00e1z\u00f3k teljes m\u00e9rt\u00e9kben fel tudnak k\u00e9sz\u00fclni a vizsg\u00e1ra. A pr\u00f3bavizsga teh\u00e1t haszn\u00e1lhat\u00f3 gyakorl\u00e1sra \u00e9s \u00e1ltal\u00e1nos inform\u00e1ci\u00f3forr\u00e1sk\u00e9nt is szolg\u00e1l.<\/p>\n<p>TIPP<\/p>\n<p>Ismerkedjen meg a vizsga r\u00e9szleteivel! Minden vizsgar\u00e9szre egy meghat\u00e1rozott id\u0151keret \u00e1ll rendelkez\u00e9sre.<br \/>\nEzen az id\u0151n bel\u00fcl kell kidolgoznia az \u00f6sszes feladatot. Fontos, hogy ezt az id\u0151keretet j\u00f3l ismerje, \u00e9rezze! \u00cdgy be tudja majd osztani az id\u0151t a feladatok megold\u00e1sa k\u00f6zben.<\/p>\n<p>FELADAT<\/p>\n<p>A k\u00f6nyv tartalmaz egy v\u00e1laszlapot, amelyre r\u00e1 kell vezetni a v\u00e1laszokat. Lehet\u0151leg ceruz\u00e1t haszn\u00e1ljon, \u00e9s maradjon a megadott mez\u0151k\u00f6n bel\u00fcl! Ez az\u00e9rt fontos, mert az \u00e9les vizsga ut\u00e1n a v\u00e1laszlapot egy g\u00e9p (szkenner) olvassa be a jav\u00edt\u00f3 programba, \u00e9s az \u00f6n v\u00e1laszai csak \u00edgy lesznek felismerhet\u0151k.<\/p>\n<p>JAVASLAT<\/p>\n<p>A vizsgahelyzet kipr\u00f3b\u00e1l\u00e1sa \u00e9s \u00e1t\u00e9l\u00e9se \u00e9rdek\u00e9ben javasoljuk, hogy m\u00e1solja ki a v\u00e1laszlapot a k\u00f6nyvb\u0151l, tegye a feladatok mell\u00e9, \u00e9s \u2013 mint majd a vizsg\u00e1n \u2013 vezesse r\u00e1 a megold\u00e1sokat! A levelet is a v\u00e1laszlapra \u00edrjuk!<\/p>\n<p>GYAKORL\u00c1S<\/p>\n<p>A vizsgafelk\u00e9sz\u00fcl\u00e9st integr\u00e1lhatja mindennapi tev\u00e9kenys\u00e9geibe, ehhez adunk tippeket. A felk\u00e9sz\u00fcl\u00e9s sor\u00e1n ne csak a vizsgahelyzetre \u00f6sszpontos\u00edtson, hanem t\u00f6bbf\u00e9le m\u00f3don szil\u00e1rd\u00edtsa meg angol nyelvtud\u00e1s\u00e1t: olvasson k\u00f6nyvet, \u00fajs\u00e1got, online-anyagokat. Min\u00e9l t\u00f6bbet olvas, ann\u00e1l gyorsabban meg\u00e9rti majd a sz\u00f6vegek tartalm\u00e1t.<\/p>\n<p>TANUL\u00c1S<\/p>\n<p>A besz\u00e9d\u00e9rt\u00e9s\u00e9t fejlesztheti angol nyelv\u0171 m\u0171sorok, filmek, vide\u00f3k rendszeres hallgat\u00e1s\u00e1val. Legyen egy k\u00f6z\u00f6s tanul\u00e1si partnere, akivel k\u00fcl\u00f6n\u00f6sen j\u00f3l fejlesztheti a kommunik\u00e1ci\u00f3j\u00e1t, \u00edgy jobban felk\u00e9sz\u00fclhet<br \/>\na vizsg\u00e1z\u00f3k \u00e1ltal egy\u00e9bk\u00e9nt is nagyon kedvelt p\u00e1ros sz\u00f3beli vizsg\u00e1ra.<\/p>\n<p><span style=\"color: #a81411\"><strong>Audio files<\/strong><\/span><\/p>\n<p><a href=\"https:\/\/telc.hu\/hanganyagok\/practice-tests-for-telc-english-c1\/\" target=\"_blank\" rel=\"noopener\">https:\/\/telc.hu\/hanganyagok\/practice-tests-for-telc-english-c1\/<\/a><\/p>","protected":false},"excerpt":{"rendered":"<p>A Practice Tests telc English sorozatunk kiadv\u00e1nyai eredeti telc vizsgafeladatok \u00e9s let\u00f6lthet\u0151 hanganyagok seg\u00edts\u00e9g\u00e9vel k\u00e9sz\u00edtenek fel a vizsg\u00e1ra. Ebben a k\u00f6nyv\u00fcnkben n\u00e9gy teljes English C1 feladatsort k\u00edn\u00e1lunk a sikeres sz\u00f3beli \u00e9s \u00edr\u00e1sbeli vizsgafelk\u00e9sz\u00fcl\u00e9shez.<\/p>\n<p>K\u00f6nyv\u00fcnk alkalmas \u00f6n\u00e1ll\u00f3 tanul\u00e1sra, valamint az oktat\u00e1sban t\u00f6rt\u00e9n\u0151 felhaszn\u00e1l\u00e1sra is.<\/p>\n<p>A k\u00f6nyv <strong>bevezet\u0151 \u00e1ra: 6900 Ft<\/strong> + postak\u00f6lts\u00e9g<\/p>\n<p><span style=\"color: #a81411\"><strong>Audio files<\/strong><\/span><\/p>\n<p><a href=\"https:\/\/telc.hu\/hanganyagok\/practice-tests-for-telc-english-c1\/\" target=\"_blank\" rel=\"noopener\">https:\/\/telc.hu\/hanganyagok\/practice-tests-for-telc-english-c1\/<\/a><\/p>","protected":false},"featured_media":234,"template":"","meta":{"_seopress_robots_primary_cat":"none","_seopress_titles_title":"","_seopress_titles_desc":"","_seopress_robots_index":""},"product_brand":[],"product_cat":[59,43],"product_tag":[29,69,23,24,68,26],"class_list":{"0":"post-28","1":"product","2":"type-product","3":"status-publish","4":"has-post-thumbnail","6":"product_cat-angol","7":"product_cat-konyvek","8":"product_tag-angol","9":"product_tag-c1","10":"product_tag-diakoknak","11":"product_tag-felkeszules","12":"product_tag-felsofoku","13":"product_tag-nyelvtanaroknak","14":"pa_szintek-c1-felsofok","16":"first","17":"instock","18":"taxable","19":"shipping-taxable","20":"purchasable","21":"product-type-simple"},"_links":{"self":[{"href":"https:\/\/shop.telc.hu\/en\/wp-json\/wp\/v2\/product\/28","targetHints":{"allow":["GET"]}}],"collection":[{"href":"https:\/\/shop.telc.hu\/en\/wp-json\/wp\/v2\/product"}],"about":[{"href":"https:\/\/shop.telc.hu\/en\/wp-json\/wp\/v2\/types\/product"}],"version-history":[{"count":9,"href":"https:\/\/shop.telc.hu\/en\/wp-json\/wp\/v2\/product\/28\/revisions"}],"predecessor-version":[{"id":1959,"href":"https:\/\/shop.telc.hu\/en\/wp-json\/wp\/v2\/product\/28\/revisions\/1959"}],"wp:featuredmedia":[{"embeddable":true,"href":"https:\/\/shop.telc.hu\/en\/wp-json\/wp\/v2\/media\/234"}],"wp:attachment":[{"href":"https:\/\/shop.telc.hu\/en\/wp-json\/wp\/v2\/media?parent=28"}],"wp:term":[{"taxonomy":"product_brand","embeddable":true,"href":"https:\/\/shop.telc.hu\/en\/wp-json\/wp\/v2\/product_brand?post=28"},{"taxonomy":"product_cat","embeddable":true,"href":"https:\/\/shop.telc.hu\/en\/wp-json\/wp\/v2\/product_cat?post=28"},{"taxonomy":"product_tag","embeddable":true,"href":"https:\/\/shop.telc.hu\/en\/wp-json\/wp\/v2\/product_tag?post=28"}],"curies":[{"name":"wp","href":"https:\/\/api.w.org\/{rel}","templated":true}]}}