{"id":3140,"date":"2026-04-14T11:50:16","date_gmt":"2026-04-14T09:50:16","guid":{"rendered":"https:\/\/shop.telc.hu\/?post_type=product&#038;p=3140"},"modified":"2026-04-15T00:07:12","modified_gmt":"2026-04-14T22:07:12","slug":"einfach-weiter-deutsch-b2-2-tankonyv-es-munkafuzet","status":"publish","type":"product","link":"https:\/\/shop.telc.hu\/en\/product\/einfach-weiter-deutsch-b2-2-tankonyv-es-munkafuzet\/","title":{"rendered":"Einfach weiter! Deutsch B2.2 Tank\u00f6nyv \u00e9s munkaf\u00fczet"},"content":{"rendered":"<p>Az \u201eEinfach weiter!\u201d\u202fegy bev\u00e1lt, \u00e1ltal\u00e1nos nyelv\u0171 B2-szint\u0171 tank\u00f6nyv feln\u0151ttek sz\u00e1m\u00e1ra itthon \u00e9s k\u00fclf\u00f6ld\u00f6n egyar\u00e1nt. K\u00fcl\u00f6n\u00f6sen a tanul\u00e1shoz szokott \u00e9s motiv\u00e1lt n\u00e9met nyelvtanul\u00f3k sz\u00e1m\u00e1ra teszi lehet\u0151v\u00e9, hogy\u202fgyorsan szil\u00e1rd B2-szint\u0171 ismereteket saj\u00e1t\u00edtsanak el. Einfach weiter! Deutsch B2.2 a k\u00e9t k\u00f6tet k\u00f6z\u00fcl a m\u00e1sodik, \u00e9s az Einfach weiter! Deutsch B2.1-gyel egy\u00fctt optim\u00e1lisan felk\u00e9sz\u00edt a telc Deutsch B2 vizsg\u00e1ra.<\/p>\n<p>A m\u00e1sodik k\u00f6tet 6 leck\u00e9t tartalmaz, amelyek a mindennapi \u00e9let, a tudom\u00e1ny, a t\u00e1rsadalom \u00e9s a szakma sz\u00e9les k\u00f6r\u0171 t\u00e9m\u00e1it \u00f6lelik fel. Ezek egym\u00e1st\u00f3l f\u00fcggetlenek, \u00e9s modul\u00e1risan haszn\u00e1lhat\u00f3k. \u00cdgy a tananyagot rugalmasan igaz\u00edthatja a tanfolyam\u00e1hoz! A tank\u00f6nyv leck\u00e9iben \u00faj tartalmakat mutatunk be, amelyeket ezt k\u00f6vet\u0151en a munkaf\u00fczetben gyakorlunk \u00e9s elm\u00e9ly\u00edt\u00fcnk.<\/p>\n<p>A munkaf\u00fczet feladatai ide\u00e1lisak \u00f6n\u00e1ll\u00f3 tanul\u00e1shoz vagy h\u00e1zi feladatk\u00e9nt. H\u00e1rom-h\u00e1rom lecke ut\u00e1n szakaszosan, j\u00e1t\u00e9kos form\u00e1ban ism\u00e9telhetik \u00e1t a relev\u00e1ns nyelvi jelens\u00e9geket, \u00e9s k\u00f6zbens\u0151 tesztekkel ellen\u0151rizhetik a tanultakat.<\/p>\n<p>A \u201eFit f\u00fcr die Pr\u00fcfung\u201d (Felk\u00e9sz\u00fcl\u00e9s a vizsg\u00e1ra) c\u00edm\u0171 fejezetben a tanul\u00f3k megismerkednek a telc Deutsch B2 vizsg\u00e1val. Az eredeti telc gyakorl\u00f3tesztben \u00e9s a k\u00f6zbens\u0151 tesztekben folyamatosan gyakorolj\u00e1k a vizsga form\u00e1tum\u00e1t, hogy magabiztosan \u00e1llhassanak a vizsg\u00e1hoz. A tananyagot egy k\u00fcl\u00f6n fejezet a kiejt\u00e9sgyakorl\u00e1sr\u00f3l, valamint az \u00f6n\u00e1ll\u00f3 tanul\u00e1shoz sz\u00fcks\u00e9ges megold\u00e1sok \u00e9s hall\u00e1sut\u00e1ni sz\u00f6vegek teszik teljess\u00e9.<\/p>\n<p>A hangf\u00e1jlokat \u00e9s a tananyaghoz tartoz\u00f3 tov\u00e1bbi kieg\u00e9sz\u00edt\u0151 anyagokat a let\u00f6lt\u00e9si oldalunkon vagy a telc Deutsch-Box alkalmaz\u00e1sban tal\u00e1lja, amelyet ingyenesen let\u00f6lthet a weboldalunkr\u00f3l. \u00cdgy az audiof\u00e1jlokat \u00fatk\u00f6zben is mindig mag\u00e1val viheti!<\/p>\n<p><strong>Szerz\u0151k:<\/strong> Nicole Fernandes, Ines H\u00e4lbig, Jana Hensch, Marika Liske<\/p>\n<p><span style=\"color: #0000ff;\"><a style=\"color: #0000ff;\" href=\"https:\/\/www.telc.net\/lehrmaterialien\/downloadbereich\/\" target=\"_blank\" rel=\"noopener\">https:\/\/www.telc.net\/lehrmaterialien\/downloadbereich\/<\/a><\/span><\/p>","protected":false},"excerpt":{"rendered":"<p>Az \u201eEinfach weiter!\u201d\u202fegy bev\u00e1lt, \u00e1ltal\u00e1nos nyelv\u0171 B2-szint\u0171 tank\u00f6nyv feln\u0151ttek sz\u00e1m\u00e1ra itthon \u00e9s k\u00fclf\u00f6ld\u00f6n egyar\u00e1nt. K\u00fcl\u00f6n\u00f6sen a tanul\u00e1shoz szokott \u00e9s motiv\u00e1lt n\u00e9met nyelvtanul\u00f3k sz\u00e1m\u00e1ra teszi lehet\u0151v\u00e9, hogy\u202fgyorsan szil\u00e1rd B2-szint\u0171 ismereteket saj\u00e1t\u00edtsanak el. Einfach weiter! Deutsch B2.2 a k\u00e9t k\u00f6tet k\u00f6z\u00fcl a m\u00e1sodik, \u00e9s az Einfach weiter! Deutsch B2.1-gyel egy\u00fctt optim\u00e1lisan felk\u00e9sz\u00edt a telc Deutsch B2 vizsg\u00e1ra.<\/p>","protected":false},"featured_media":3165,"template":"","meta":{"_seopress_robots_primary_cat":"none","_seopress_titles_title":"","_seopress_titles_desc":"","_seopress_robots_index":""},"product_brand":[],"product_cat":[43,66],"product_tag":[23,24,25,26],"class_list":{"0":"post-3140","1":"product","2":"type-product","3":"status-publish","4":"has-post-thumbnail","6":"product_cat-konyvek","7":"product_cat-nemet","8":"product_tag-diakoknak","9":"product_tag-felkeszules","10":"product_tag-nemet","11":"product_tag-nyelvtanaroknak","12":"pa_szintek-b2-kozepfok","14":"first","15":"instock","16":"taxable","17":"shipping-taxable","18":"purchasable","19":"product-type-simple"},"_links":{"self":[{"href":"https:\/\/shop.telc.hu\/en\/wp-json\/wp\/v2\/product\/3140","targetHints":{"allow":["GET"]}}],"collection":[{"href":"https:\/\/shop.telc.hu\/en\/wp-json\/wp\/v2\/product"}],"about":[{"href":"https:\/\/shop.telc.hu\/en\/wp-json\/wp\/v2\/types\/product"}],"version-history":[{"count":4,"href":"https:\/\/shop.telc.hu\/en\/wp-json\/wp\/v2\/product\/3140\/revisions"}],"predecessor-version":[{"id":3186,"href":"https:\/\/shop.telc.hu\/en\/wp-json\/wp\/v2\/product\/3140\/revisions\/3186"}],"wp:featuredmedia":[{"embeddable":true,"href":"https:\/\/shop.telc.hu\/en\/wp-json\/wp\/v2\/media\/3165"}],"wp:attachment":[{"href":"https:\/\/shop.telc.hu\/en\/wp-json\/wp\/v2\/media?parent=3140"}],"wp:term":[{"taxonomy":"product_brand","embeddable":true,"href":"https:\/\/shop.telc.hu\/en\/wp-json\/wp\/v2\/product_brand?post=3140"},{"taxonomy":"product_cat","embeddable":true,"href":"https:\/\/shop.telc.hu\/en\/wp-json\/wp\/v2\/product_cat?post=3140"},{"taxonomy":"product_tag","embeddable":true,"href":"https:\/\/shop.telc.hu\/en\/wp-json\/wp\/v2\/product_tag?post=3140"}],"curies":[{"name":"wp","href":"https:\/\/api.w.org\/{rel}","templated":true}]}}