{"id":3188,"date":"2026-04-15T00:07:57","date_gmt":"2026-04-14T22:07:57","guid":{"rendered":"https:\/\/shop.telc.hu\/?post_type=product&#038;p=3188"},"modified":"2026-04-15T09:51:49","modified_gmt":"2026-04-15T07:51:49","slug":"prufungstraining-zertifikat-deutsch-telc-deutsch-b1","status":"publish","type":"product","link":"https:\/\/shop.telc.hu\/en\/product\/prufungstraining-zertifikat-deutsch-telc-deutsch-b1\/","title":{"rendered":"Pr\u00fcfungstraining Zertifikat Deutsch \/ telc Deutsch B1"},"content":{"rendered":"<p>A \u201ePr\u00fcfungstraining Zertifikat Deutsch \/ telc Deutsch B1\u201d egyar\u00e1nt alkalmas intenz\u00edv vizsgafelk\u00e9sz\u00edt\u00e9sre egy B1-es tanfolyam v\u00e9g\u00e9n, valamint a folyamatos vizsgafelk\u00e9sz\u00edt\u00e9sre a tanfolyam alatt.<\/p>\n<p>A \u201ePr\u00fcfungstraining\u201d minden egyes leck\u00e9je<\/p>\n<ul>\n<li>r\u00e9szletesen bemutatja \u00e9s gyakorolja a 12 feladatt\u00edpus egyik\u00e9t.<\/li>\n<li>elm\u00e9ly\u00edti a B1-es sz\u00f3kincset.<\/li>\n<li>olyan gyakorlatokat tartalmaz, amelyek l\u00e9p\u00e9sr\u0151l l\u00e9p\u00e9sre felk\u00e9sz\u00edtenek a vizsgafeladatokra.<\/li>\n<li>hasznos tippeket \u00e9s strat\u00e9gi\u00e1kat ad a feladatok megold\u00e1s\u00e1hoz.<\/li>\n<li>tartalmaz egy telc vizsgafeladatsort.<\/li>\n<\/ul>\n<p><strong>Fontos megjegyezni, hogy Magyarorsz\u00e1gon az akkredit\u00e1lt n\u00e9met B1 vizsg\u00e1n a vizsg\u00e1z\u00f3knak 2 levelet kell meg\u00edrni, ahogy a Mintafeladatsorban is tal\u00e1lhat\u00f3.<\/strong><\/p>\n<p>A tananyagban szerepl\u0151 feladatok \u00e9s gyakorl\u00f3 tesztek mellett a tanultakat k\u00e9t tov\u00e1bbi gyakorl\u00f3 teszt seg\u00edts\u00e9g\u00e9vel is ellen\u0151rizni lehet.<\/p>\n<p>A \u201ePr\u00fcfungstraining Zertifikat Deutsch \/ telc Deutsch B1\u201d seg\u00edt a tan\u00e1roknak a v\u00e1ltozatos \u00f3r\u00e1k megtervez\u00e9s\u00e9ben. A tananyagban szerepl\u0151, \u00e9rt\u00e9kel\u00e9sre ker\u00fcl\u0151 \u00edr\u00e1sbeli feladatok, valamint a vizsga \u00edr\u00e1sbeli r\u00e9sz\u00e9vel kapcsolatos inform\u00e1ci\u00f3k biztos\u00edtj\u00e1k a r\u00e9sztvev\u0151k alapos felk\u00e9sz\u00fcl\u00e9s\u00e9t a z\u00e1r\u00f3vizsg\u00e1ra.<\/p>\n<p><strong>Az audiof\u00e1jlok, a hall\u00e1s ut\u00e1ni sz\u00f6vegek \u00e9s az \u00f6sszes gyakorlat megold\u00e1sai ingyenesen let\u00f6lthet\u0151k a weboldalunkr\u00f3l itt:<\/strong><\/p>\n<ul>\n<li><a href=\"https:\/\/shop.telc.hu\/wp-content\/uploads\/2026\/04\/ERRATA_hibajegyzek.pdf\" target=\"_blank\" rel=\"noopener\"><span style=\"color: #0000ff;\">ERRATA_hibajegyz\u00e9k.pdf<\/span><\/a><\/li>\n<li><a href=\"https:\/\/shop.telc.hu\/wp-content\/uploads\/2026\/04\/Pruefungstraining_telc_Deutsch_B1_Antwortbogen.pdf\" target=\"_blank\" rel=\"noopener\"><span style=\"color: #0000ff;\">Pr\u00fcfungstraining_telc_Deutsch_B1_Antwortbogen.pdf<\/span><\/a><\/li>\n<li><a href=\"https:\/\/shop.telc.hu\/wp-content\/uploads\/2026\/04\/Pruefungstraining_telc_Deutsch_B1_Hoertexte.pdf\" target=\"_blank\" rel=\"noopener\"><span style=\"color: #0000ff;\">Pr\u00fcfungstraining_telc_Deutsch_B1_H\u00f6rtexte.pdf<\/span><\/a><\/li>\n<li><a href=\"https:\/\/shop.telc.hu\/wp-content\/uploads\/2026\/04\/Pruefungstraining_telc_Deutsch_B1_Loesungen.pdf\" target=\"_blank\" rel=\"noopener\"><span style=\"color: #0000ff;\">Pr\u00fcfungstraining_telc_Deutsch_B1_L\u00f6sungen.pdf<\/span><\/a><\/li>\n<\/ul>\n<p>Az audiof\u00e1jlok a telc Deutsch-Box alkalmaz\u00e1sban is megtal\u00e1lhat\u00f3k.<\/p>\n<p><strong>Szerz\u0151k:<\/strong> Susanne Franz, Christina Kirschbaum, Ondrej Kotas, Anna Pilaski<\/p>\n<p><span style=\"color: #0000ff;\"><a style=\"color: #0000ff;\" href=\"https:\/\/telc.hu\/hanganyagok\/prufungstraining-zertifikat-deutsch-telc-deutsch-b1\/\" target=\"_blank\" rel=\"noopener\">https:\/\/telc.hu\/hanganyagok\/prufungstraining-zertifikat-deutsch-telc-deutsch-b1\/<\/a><\/span><\/p>","protected":false},"excerpt":{"rendered":"<p>A \u201ePr\u00fcfungstraining Zertifikat Deutsch \/ telc Deutsch B1\u201d intenz\u00edv felk\u00e9sz\u00edt\u00e9st ny\u00fajt a n\u00e9met nyelvtanul\u00f3knak a telc Deutsch B1 vizsg\u00e1ra. A tanul\u00f3k a telc feladatok seg\u00edts\u00e9g\u00e9vel gyakorolnak, \u00e9s elsaj\u00e1t\u00edtj\u00e1k az egyes vizsgar\u00e9szek megold\u00e1s\u00e1hoz sz\u00fcks\u00e9ges fontos strat\u00e9gi\u00e1kat \u00e9s technik\u00e1kat. A vizsgafelk\u00e9sz\u00edt\u0151 tananyag egyar\u00e1nt alkalmas tanfolyamra \u00e9s \u00f6n\u00e1ll\u00f3 tanul\u00e1sra.<\/p>","protected":false},"featured_media":3190,"template":"","meta":{"_seopress_robots_primary_cat":"none","_seopress_titles_title":"","_seopress_titles_desc":"","_seopress_robots_index":""},"product_brand":[],"product_cat":[43,66],"product_tag":[23,24,25,26],"class_list":{"0":"post-3188","1":"product","2":"type-product","3":"status-publish","4":"has-post-thumbnail","6":"product_cat-konyvek","7":"product_cat-nemet","8":"product_tag-diakoknak","9":"product_tag-felkeszules","10":"product_tag-nemet","11":"product_tag-nyelvtanaroknak","12":"pa_szintek-b2-kozepfok","14":"first","15":"instock","16":"taxable","17":"shipping-taxable","18":"purchasable","19":"product-type-simple"},"_links":{"self":[{"href":"https:\/\/shop.telc.hu\/en\/wp-json\/wp\/v2\/product\/3188","targetHints":{"allow":["GET"]}}],"collection":[{"href":"https:\/\/shop.telc.hu\/en\/wp-json\/wp\/v2\/product"}],"about":[{"href":"https:\/\/shop.telc.hu\/en\/wp-json\/wp\/v2\/types\/product"}],"version-history":[{"count":7,"href":"https:\/\/shop.telc.hu\/en\/wp-json\/wp\/v2\/product\/3188\/revisions"}],"predecessor-version":[{"id":3214,"href":"https:\/\/shop.telc.hu\/en\/wp-json\/wp\/v2\/product\/3188\/revisions\/3214"}],"wp:featuredmedia":[{"embeddable":true,"href":"https:\/\/shop.telc.hu\/en\/wp-json\/wp\/v2\/media\/3190"}],"wp:attachment":[{"href":"https:\/\/shop.telc.hu\/en\/wp-json\/wp\/v2\/media?parent=3188"}],"wp:term":[{"taxonomy":"product_brand","embeddable":true,"href":"https:\/\/shop.telc.hu\/en\/wp-json\/wp\/v2\/product_brand?post=3188"},{"taxonomy":"product_cat","embeddable":true,"href":"https:\/\/shop.telc.hu\/en\/wp-json\/wp\/v2\/product_cat?post=3188"},{"taxonomy":"product_tag","embeddable":true,"href":"https:\/\/shop.telc.hu\/en\/wp-json\/wp\/v2\/product_tag?post=3188"}],"curies":[{"name":"wp","href":"https:\/\/api.w.org\/{rel}","templated":true}]}}