{"id":3254,"date":"2025-05-07T11:59:29","date_gmt":"2025-05-07T09:59:29","guid":{"rendered":"https:\/\/shop.telc.hu\/?post_type=product&#038;p=3254"},"modified":"2026-05-07T12:45:10","modified_gmt":"2026-05-07T10:45:10","slug":"online-webinarium-gyakorlofeladatok-irasa-eredmenyesebb-vizsgafelkeszites","status":"publish","type":"product","link":"https:\/\/shop.telc.hu\/en\/product\/online-webinarium-gyakorlofeladatok-irasa-eredmenyesebb-vizsgafelkeszites\/","title":{"rendered":"Online webin\u00e1rium: Gyakorl\u00f3feladatok \u00edr\u00e1sa \u2013 eredm\u00e9nyesebb vizsgafelk\u00e9sz\u00edt\u00e9s"},"content":{"rendered":"<p data-start=\"766\" data-end=\"908\">A webin\u00e1rium c\u00e9lja, hogy seg\u00edts\u00e9get ny\u00fajtson a gyakorl\u00f3feladatok tudatosabb haszn\u00e1lat\u00e1hoz \u00e9s k\u00e9sz\u00edt\u00e9s\u00e9hez a nyelvvizsg\u00e1ra val\u00f3 felk\u00e9sz\u00edt\u00e9sben.<\/p>\n<p data-start=\"910\" data-end=\"1234\">Az alkalom sor\u00e1n megvitatjuk, miben k\u00fcl\u00f6nb\u00f6znek egym\u00e1st\u00f3l a tan\u00edt\u00e1sban haszn\u00e1lt gyakorl\u00f3feladatok \u00e9s a vizsg\u00e1ztat\u00e1sban alkalmazott feladatok. \u00c1ttekintj\u00fck a feladat\u00edr\u00e1s alapjait, az elm\u00e9leti h\u00e1tteret, a legfontosabb alapfogalmakat, valamint k\u00fcl\u00f6nb\u00f6z\u0151 feladatt\u00edpusokat is \u2013 nem kiz\u00e1r\u00f3lag a telc vizsgafeladatokra koncentr\u00e1lva.<\/p>\n<p data-start=\"1236\" data-end=\"1439\">A webin\u00e1rium gyakorlati c\u00e9lja, hogy a r\u00e9sztvev\u0151k k\u00f6nnyebben \u00e9s tudatosabban tudj\u00e1k haszn\u00e1lni a gyakorl\u00f3feladatokat a felk\u00e9sz\u00edt\u00e9s sor\u00e1n, valamint saj\u00e1t feladatokat is tudjanak \u00edrni a tanul\u00f3k t\u00e1mogat\u00e1s\u00e1ra.<\/p>","protected":false},"excerpt":{"rendered":"<p><strong data-start=\"1478\" data-end=\"1491\">Helysz\u00edn:<\/strong> online<br data-start=\"1498\" data-end=\"1501\" \/><strong data-start=\"1501\" data-end=\"1511\">Nyelv:<\/strong> magyar<br data-start=\"1518\" data-end=\"1521\" \/><strong data-start=\"1521\" data-end=\"1532\">El\u0151ad\u00f3:<\/strong> Bukta Katalin PhD \u2013 angol nyelvtan\u00e1r, telc vizsg\u00e1ztat\u00f3<br data-start=\"1587\" data-end=\"1590\" \/><strong data-start=\"1590\" data-end=\"1602\">Id\u0151pont:<\/strong> 2026. m\u00e1jus 14. cs\u00fct\u00f6rt\u00f6k, 17:00\u201318:30<br data-start=\"1641\" data-end=\"1644\" \/><strong data-start=\"1644\" data-end=\"1666\">Regisztr\u00e1ci\u00f3s d\u00edj:<\/strong> 3.900 Ft<br data-start=\"1675\" data-end=\"1678\" \/><strong data-start=\"1678\" data-end=\"1702\">Jelentkez\u00e9s kezdete:<\/strong> 2026. m\u00e1jus 7.<br data-start=\"1717\" data-end=\"1720\" \/><strong data-start=\"1720\" data-end=\"1742\">Fontos inform\u00e1ci\u00f3:<\/strong> A webin\u00e1riumr\u00f3l felv\u00e9tel nem k\u00e9sz\u00fcl.<\/p>\n<p>&nbsp;<\/p>","protected":false},"featured_media":3259,"template":"","meta":{"_seopress_robots_primary_cat":"none","_seopress_titles_title":"","_seopress_titles_desc":"","_seopress_robots_index":""},"product_brand":[],"product_cat":[15],"product_tag":[26],"class_list":{"0":"post-3254","1":"product","2":"type-product","3":"status-publish","4":"has-post-thumbnail","6":"product_cat-egyeb","7":"product_tag-nyelvtanaroknak","9":"first","10":"instock","11":"virtual","12":"purchasable","13":"product-type-simple"},"_links":{"self":[{"href":"https:\/\/shop.telc.hu\/en\/wp-json\/wp\/v2\/product\/3254","targetHints":{"allow":["GET"]}}],"collection":[{"href":"https:\/\/shop.telc.hu\/en\/wp-json\/wp\/v2\/product"}],"about":[{"href":"https:\/\/shop.telc.hu\/en\/wp-json\/wp\/v2\/types\/product"}],"version-history":[{"count":1,"href":"https:\/\/shop.telc.hu\/en\/wp-json\/wp\/v2\/product\/3254\/revisions"}],"predecessor-version":[{"id":3255,"href":"https:\/\/shop.telc.hu\/en\/wp-json\/wp\/v2\/product\/3254\/revisions\/3255"}],"wp:featuredmedia":[{"embeddable":true,"href":"https:\/\/shop.telc.hu\/en\/wp-json\/wp\/v2\/media\/3259"}],"wp:attachment":[{"href":"https:\/\/shop.telc.hu\/en\/wp-json\/wp\/v2\/media?parent=3254"}],"wp:term":[{"taxonomy":"product_brand","embeddable":true,"href":"https:\/\/shop.telc.hu\/en\/wp-json\/wp\/v2\/product_brand?post=3254"},{"taxonomy":"product_cat","embeddable":true,"href":"https:\/\/shop.telc.hu\/en\/wp-json\/wp\/v2\/product_cat?post=3254"},{"taxonomy":"product_tag","embeddable":true,"href":"https:\/\/shop.telc.hu\/en\/wp-json\/wp\/v2\/product_tag?post=3254"}],"curies":[{"name":"wp","href":"https:\/\/api.w.org\/{rel}","templated":true}]}}