{"id":336,"date":"2022-05-24T08:20:25","date_gmt":"2022-05-24T06:20:25","guid":{"rendered":"https:\/\/shop.telc.hu\/?post_type=product&#038;p=336"},"modified":"2023-10-26T12:10:38","modified_gmt":"2023-10-26T10:10:38","slug":"angol-probavizsga-alapfoku-b1","status":"publish","type":"product","link":"https:\/\/shop.telc.hu\/en\/product\/angol-probavizsga-alapfoku-b1\/","title":{"rendered":"MOCK EXAMINATION B1 telc Hungary English"},"content":{"rendered":"<p class=\"translation-block\">MOCK EXAMINATION B1 Telc Hungary English<\/p>\n<p>A telc nyelvvizsg\u00e1k k\u00e9t f\u0151 jellemz\u0151je az, hogy a vizsgafeladatsorok vil\u00e1gosan megfogalmazott nyelvi feladatokb\u00f3l \u00e1llnak, valamint, hogy a nyelvvizsgatesztek ki\u00e9rt\u00e9kel\u00e9se standardiz\u00e1lt \u00e9s objekt\u00edv szempontok alapj\u00e1n t\u00f6rt\u00e9nik. Ezek a jellemz\u0151k valamennyi telc nyelvvizsg\u00e1ra vonatkoznak.<br \/>\nThe two main characteristic features of telc examinations are examination papers based on clearly formulated language tasks and standardised and objective marking criteria. These features apply to all English examinations covered by the telc programme. The Mock Examination presented here enables teachers and learners to simulate the precise conditions under which the telc English B1 examinations take place, both from the perspective of organising the test as well as from the point of view of the test materials. In this way, it is possible to fully prepare test takers for the examination. The Mock Examination can also be used for practice purposes and for general information.<\/p>\n<p><span style=\"color: #a81411;\"><strong>Audio files<\/strong><\/span><\/p>\n<p><a href=\"https:\/\/telc.hu\/mintafeladatok\/angol-alapfoku-b1\/\" target=\"_blank\" rel=\"noopener\">https:\/\/telc.hu\/mintafeladatok\/angol-alapfoku-b1\/<\/a><\/p>","protected":false},"excerpt":{"rendered":"<p>The two main characteristic features of telc examinations are examination papers based on clearly formulated language tasks and standardised and objective marking criteria. These features apply to all English examinations covered by the telc programme. The Mock Examination presented here enables teachers and learners to simulate the precise conditions under which the telc English B1 examinations take place, both from the perspective of organising the test as well as from the point of view of the test materials. In this way, it is possible to fully prepare test takers for the examination. The Mock Examination can also be used for practice purposes and for general information.<\/p>\n<p><span style=\"color: #a81411;\"><strong>Audio files<\/strong><\/span><\/p>\n<p><a href=\"https:\/\/telc.hu\/mintafeladatok\/angol-alapfoku-b1\/\" target=\"_blank\" rel=\"noopener\">https:\/\/telc.hu\/mintafeladatok\/angol-alapfoku-b1\/<\/a><\/p>\n<p>&nbsp;<\/p>","protected":false},"featured_media":338,"template":"","meta":{"_seopress_robots_primary_cat":"none","_seopress_titles_title":"","_seopress_titles_desc":"","_seopress_robots_index":""},"product_brand":[],"product_cat":[59,43,67],"product_tag":[61,29,62,23,60,26,63],"class_list":{"0":"post-336","1":"product","2":"type-product","3":"status-publish","4":"has-post-thumbnail","6":"product_cat-angol","7":"product_cat-konyvek","8":"product_cat-probanyelvvizsga","9":"product_tag-alapfoku","10":"product_tag-angol","11":"product_tag-b1","12":"product_tag-diakoknak","13":"product_tag-ingyenes-letoltheto","14":"product_tag-nyelvtanaroknak","15":"product_tag-probanyelvvizsga","16":"pa_szintek-b1-alapfok","18":"first","19":"instock","20":"downloadable","21":"virtual","22":"product-type-simple"},"_links":{"self":[{"href":"https:\/\/shop.telc.hu\/en\/wp-json\/wp\/v2\/product\/336","targetHints":{"allow":["GET"]}}],"collection":[{"href":"https:\/\/shop.telc.hu\/en\/wp-json\/wp\/v2\/product"}],"about":[{"href":"https:\/\/shop.telc.hu\/en\/wp-json\/wp\/v2\/types\/product"}],"version-history":[{"count":15,"href":"https:\/\/shop.telc.hu\/en\/wp-json\/wp\/v2\/product\/336\/revisions"}],"predecessor-version":[{"id":413,"href":"https:\/\/shop.telc.hu\/en\/wp-json\/wp\/v2\/product\/336\/revisions\/413"}],"wp:featuredmedia":[{"embeddable":true,"href":"https:\/\/shop.telc.hu\/en\/wp-json\/wp\/v2\/media\/338"}],"wp:attachment":[{"href":"https:\/\/shop.telc.hu\/en\/wp-json\/wp\/v2\/media?parent=336"}],"wp:term":[{"taxonomy":"product_brand","embeddable":true,"href":"https:\/\/shop.telc.hu\/en\/wp-json\/wp\/v2\/product_brand?post=336"},{"taxonomy":"product_cat","embeddable":true,"href":"https:\/\/shop.telc.hu\/en\/wp-json\/wp\/v2\/product_cat?post=336"},{"taxonomy":"product_tag","embeddable":true,"href":"https:\/\/shop.telc.hu\/en\/wp-json\/wp\/v2\/product_tag?post=336"}],"curies":[{"name":"wp","href":"https:\/\/api.w.org\/{rel}","templated":true}]}}