{"id":422,"date":"2022-05-24T15:19:18","date_gmt":"2022-05-24T13:19:18","guid":{"rendered":"https:\/\/shop.telc.hu\/?post_type=product&#038;p=422"},"modified":"2023-05-24T17:48:55","modified_gmt":"2023-05-24T15:48:55","slug":"angol-felsofoku-c1-probavizsga","status":"publish","type":"product","link":"https:\/\/shop.telc.hu\/en\/product\/angol-felsofoku-c1-probavizsga\/","title":{"rendered":"MOCK EXAMINATION C1 telc Hungary English"},"content":{"rendered":"<p>MOCK EXAMINATION C1 telc Hungary English<strong> teljes angol C1 fels\u0151fok\u00fa pr\u00f3banyelvvizsg\u00e1t k\u00edn\u00e1l <\/strong>az \u00edr\u00e1sbeli \u00e9s sz\u00f3beli vizsgafelk\u00e9sz\u00fcl\u00e9shez.<\/p>\n<p>A telc nyelvvizsg\u00e1k k\u00e9t f\u0151 jellemz\u0151je az, hogy a vizsgafeladatsorok vil\u00e1gosan megfogalmazott nyelvi feladatokb\u00f3l \u00e1llnak, valamint, hogy a nyelvvizsgatesztek ki\u00e9rt\u00e9kel\u00e9se standardiz\u00e1lt \u00e9s objekt\u00edv szempontok alapj\u00e1n t\u00f6rt\u00e9nik. Ezek a jellemz\u0151k valamennyi telc nyelvvizsg\u00e1ra vonatkoznak.<br \/>\nThe two main characteristic features of telc examinations are examination papers based on clearly formulated language tasks and standardised and objective marking criteria. These features apply to all English examinations covered by the telc programme. The mock examination presented here enables teachers and learners to simulate the precise conditions under which the telc English C1 examinations take place, both from the perspective of organising the test as well as from the point of view of the test materials. In this way, it is possible to fully prepare candidates for the examination. The mock examination can thus be used for practice purposes and for general information.<\/p>\n<p><span style=\"color: #a81411;\"><strong>Audio files<\/strong><\/span><\/p>\n<p><a href=\"https:\/\/telc.hu\/mintafeladatok\/angol-felsofoku-c1\/\" target=\"_blank\" rel=\"noopener\">https:\/\/telc.hu\/mintafeladatok\/angol-felsofoku-c1\/<\/a><\/p>","protected":false},"excerpt":{"rendered":"<p>The two main characteristic features of telc examinations are examination papers based on clearly formulated language tasks and standardised and objective marking criteria. These features apply to all English examinations covered by the telc programme. The mock examination presented here enables teachers and learners to simulate the precise conditions under which the telc English C1 examinations take place, both from the perspective of organising the test as well as from the point of view of the test materials. In this way, it is possible to fully prepare candidates for the examination. The mock examination can thus be used for practice purposes and for general information.<\/p>\n<p><span style=\"color: #a81411;\"><strong>Audio files<\/strong><\/span><\/p>\n<p><a href=\"https:\/\/telc.hu\/mintafeladatok\/angol-felsofoku-c1\/\" target=\"_blank\" rel=\"noopener\">https:\/\/telc.hu\/mintafeladatok\/angol-felsofoku-c1\/<\/a><\/p>","protected":false},"featured_media":424,"template":"","meta":{"_seopress_robots_primary_cat":"","_seopress_titles_title":"","_seopress_titles_desc":"","_seopress_robots_index":""},"product_brand":[],"product_cat":[59,43,67],"product_tag":[29,69,23,68,60,26,63],"class_list":{"0":"post-422","1":"product","2":"type-product","3":"status-publish","4":"has-post-thumbnail","6":"product_cat-angol","7":"product_cat-konyvek","8":"product_cat-probanyelvvizsga","9":"product_tag-angol","10":"product_tag-c1","11":"product_tag-diakoknak","12":"product_tag-felsofoku","13":"product_tag-ingyenes-letoltheto","14":"product_tag-nyelvtanaroknak","15":"product_tag-probanyelvvizsga","16":"pa_szintek-c1-felsofok","18":"first","19":"instock","20":"downloadable","21":"virtual","22":"product-type-simple"},"_links":{"self":[{"href":"https:\/\/shop.telc.hu\/en\/wp-json\/wp\/v2\/product\/422","targetHints":{"allow":["GET"]}}],"collection":[{"href":"https:\/\/shop.telc.hu\/en\/wp-json\/wp\/v2\/product"}],"about":[{"href":"https:\/\/shop.telc.hu\/en\/wp-json\/wp\/v2\/types\/product"}],"version-history":[{"count":3,"href":"https:\/\/shop.telc.hu\/en\/wp-json\/wp\/v2\/product\/422\/revisions"}],"predecessor-version":[{"id":1088,"href":"https:\/\/shop.telc.hu\/en\/wp-json\/wp\/v2\/product\/422\/revisions\/1088"}],"wp:featuredmedia":[{"embeddable":true,"href":"https:\/\/shop.telc.hu\/en\/wp-json\/wp\/v2\/media\/424"}],"wp:attachment":[{"href":"https:\/\/shop.telc.hu\/en\/wp-json\/wp\/v2\/media?parent=422"}],"wp:term":[{"taxonomy":"product_brand","embeddable":true,"href":"https:\/\/shop.telc.hu\/en\/wp-json\/wp\/v2\/product_brand?post=422"},{"taxonomy":"product_cat","embeddable":true,"href":"https:\/\/shop.telc.hu\/en\/wp-json\/wp\/v2\/product_cat?post=422"},{"taxonomy":"product_tag","embeddable":true,"href":"https:\/\/shop.telc.hu\/en\/wp-json\/wp\/v2\/product_tag?post=422"}],"curies":[{"name":"wp","href":"https:\/\/api.w.org\/{rel}","templated":true}]}}