{"id":429,"date":"2022-05-24T17:51:09","date_gmt":"2022-05-24T15:51:09","guid":{"rendered":"https:\/\/shop.telc.hu\/?post_type=product&#038;p=429"},"modified":"2026-03-23T12:43:12","modified_gmt":"2026-03-23T11:43:12","slug":"handbook-english-b1-b2","status":"publish","type":"product","link":"https:\/\/shop.telc.hu\/en\/product\/handbook-english-b1-b2\/","title":{"rendered":"Handbook English B1-B2"},"content":{"rendered":"<p>A Handbook English B1-B2 k\u00f6nyv ismerteti az angol telc vizsga fel\u00e9p\u00edt\u00e9s\u00e9t. R\u00e9szletes t\u00e1j\u00e9koztat\u00e1st ny\u00fajt a Listening, Reading,<br \/>\ntelc English B1\u00b7B2 is a standardised dual-level examination intended for\nadult learners. It measures general language competence across two\nlevels of the Common European Framework of Reference for Languages\n(CEFR) using a task-based, communicative approach.<br>\n<br>\nThe telc English B1\u00b7B2 Handbook is designed for teachers who wish to\nprepare their learners for telc English examinations as well as for examiners,\nheads of language departments in schools and other ELT professionals.\n<br><br>The Handbook explains the structure and specifications of the examination\nand provides detailed information on how the subtests Listening, Reading,\nLanguage Elements, Writing and Speaking are assessed alongside the\nrelevant CEFR scales at levels B1 and B2.\n<br><br>For additional information regarding the telc English B1\u00b7B2 examination\n(including sample tasks), please refer to the telc English B1\u00b7B2 Mock\nExamination.<\/p>","protected":false},"excerpt":{"rendered":"<p>A Handbook English B1-B2 k\u00f6nyv ismerteti az angol telc vizsga fel\u00e9p\u00edt\u00e9s\u00e9t. R\u00e9szletes t\u00e1j\u00e9koztat\u00e1st ny\u00fajt a Listening, Reading,<br \/>\ntelc English B1\u00b7B2 is a standardised dual-level examination intended for\nadult learners. It measures general language competence across two\nlevels of the Common European Framework of Reference for Languages\n(CEFR) using a task-based, communicative approach.<br>\n<br>\nThe telc English B1\u00b7B2 Handbook is designed for teachers who wish to\nprepare their learners for telc English examinations as well as for examiners,\nheads of language departments in schools and other ELT professionals.\n<br><br>The Handbook explains the structure and specifications of the examination\nand provides detailed information on how the subtests Listening, Reading,\nLanguage Elements, Writing and Speaking are assessed alongside the\nrelevant CEFR scales at levels B1 and B2.\n<br><br>For additional information regarding the telc English B1\u00b7B2 examination\n(including sample tasks), please refer to the telc English B1\u00b7B2 Mock\nExamination.<\/p>","protected":false},"featured_media":431,"template":"","meta":{"_seopress_robots_primary_cat":"none","_seopress_titles_title":"","_seopress_titles_desc":"","_seopress_robots_index":""},"product_brand":[],"product_cat":[59,43,67],"product_tag":[61,29,62,57,60,56,26,63],"class_list":{"0":"post-429","1":"product","2":"type-product","3":"status-publish","4":"has-post-thumbnail","6":"product_cat-angol","7":"product_cat-konyvek","8":"product_cat-probanyelvvizsga","9":"product_tag-alapfoku","10":"product_tag-angol","11":"product_tag-b1","12":"product_tag-b2","13":"product_tag-ingyenes-letoltheto","14":"product_tag-kozepfoku","15":"product_tag-nyelvtanaroknak","16":"product_tag-probanyelvvizsga","17":"pa_szintek-b1-alapfok","18":"pa_szintek-b2-kozepfok","20":"first","21":"instock","22":"downloadable","23":"virtual","24":"product-type-simple"},"_links":{"self":[{"href":"https:\/\/shop.telc.hu\/en\/wp-json\/wp\/v2\/product\/429","targetHints":{"allow":["GET"]}}],"collection":[{"href":"https:\/\/shop.telc.hu\/en\/wp-json\/wp\/v2\/product"}],"about":[{"href":"https:\/\/shop.telc.hu\/en\/wp-json\/wp\/v2\/types\/product"}],"version-history":[{"count":4,"href":"https:\/\/shop.telc.hu\/en\/wp-json\/wp\/v2\/product\/429\/revisions"}],"predecessor-version":[{"id":3091,"href":"https:\/\/shop.telc.hu\/en\/wp-json\/wp\/v2\/product\/429\/revisions\/3091"}],"wp:featuredmedia":[{"embeddable":true,"href":"https:\/\/shop.telc.hu\/en\/wp-json\/wp\/v2\/media\/431"}],"wp:attachment":[{"href":"https:\/\/shop.telc.hu\/en\/wp-json\/wp\/v2\/media?parent=429"}],"wp:term":[{"taxonomy":"product_brand","embeddable":true,"href":"https:\/\/shop.telc.hu\/en\/wp-json\/wp\/v2\/product_brand?post=429"},{"taxonomy":"product_cat","embeddable":true,"href":"https:\/\/shop.telc.hu\/en\/wp-json\/wp\/v2\/product_cat?post=429"},{"taxonomy":"product_tag","embeddable":true,"href":"https:\/\/shop.telc.hu\/en\/wp-json\/wp\/v2\/product_tag?post=429"}],"curies":[{"name":"wp","href":"https:\/\/api.w.org\/{rel}","templated":true}]}}