{"id":440,"date":"2022-05-24T18:19:59","date_gmt":"2022-05-24T16:19:59","guid":{"rendered":"https:\/\/shop.telc.hu\/?post_type=product&#038;p=440"},"modified":"2023-10-02T10:53:39","modified_gmt":"2023-10-02T08:53:39","slug":"tanari-utmutato-telc-felkeszito-tanfolyamhoz","status":"publish","type":"product","link":"https:\/\/shop.telc.hu\/en\/product\/tanari-utmutato-telc-felkeszito-tanfolyamhoz\/","title":{"rendered":"Tan\u00e1ri \u00datmutat\u00f3 telc felk\u00e9sz\u00edt\u0151 tanfolyamhoz"},"content":{"rendered":"<p>\u00c1ltal\u00e1noss\u00e1gban az \u00e9rt\u00e9kel\u00e9sr\u0151l, legfontosabb szempontok az objekt\u00edv \u00e9rt\u00e9kel\u00e9shez. Hogyan seg\u00edts\u00fck a di\u00e1kokat a hat\u00e9kony felk\u00e9sz\u00fcl\u00e9sben?<\/p>","protected":false},"excerpt":{"rendered":"<p>\u00c9rt\u00e9kel\u00e9s telc szemmel, avagy a telc filoz\u00f3fi\u00e1ja.<\/p>\n<p>&nbsp;<\/p>","protected":false},"featured_media":442,"template":"","meta":{"_seopress_robots_primary_cat":"none","_seopress_titles_title":"","_seopress_titles_desc":"","_seopress_robots_index":""},"product_brand":[],"product_cat":[59,43,66],"product_tag":[29,57,69,68,60,56,25,26,63],"class_list":{"0":"post-440","1":"product","2":"type-product","3":"status-publish","4":"has-post-thumbnail","6":"product_cat-angol","7":"product_cat-konyvek","8":"product_cat-nemet","9":"product_tag-angol","10":"product_tag-b2","11":"product_tag-c1","12":"product_tag-felsofoku","13":"product_tag-ingyenes-letoltheto","14":"product_tag-kozepfoku","15":"product_tag-nemet","16":"product_tag-nyelvtanaroknak","17":"product_tag-probanyelvvizsga","18":"pa_szintek-b2-kozepfok","19":"pa_szintek-c1-felsofok","21":"first","22":"instock","23":"downloadable","24":"virtual","25":"product-type-simple"},"_links":{"self":[{"href":"https:\/\/shop.telc.hu\/en\/wp-json\/wp\/v2\/product\/440","targetHints":{"allow":["GET"]}}],"collection":[{"href":"https:\/\/shop.telc.hu\/en\/wp-json\/wp\/v2\/product"}],"about":[{"href":"https:\/\/shop.telc.hu\/en\/wp-json\/wp\/v2\/types\/product"}],"version-history":[{"count":5,"href":"https:\/\/shop.telc.hu\/en\/wp-json\/wp\/v2\/product\/440\/revisions"}],"predecessor-version":[{"id":818,"href":"https:\/\/shop.telc.hu\/en\/wp-json\/wp\/v2\/product\/440\/revisions\/818"}],"wp:featuredmedia":[{"embeddable":true,"href":"https:\/\/shop.telc.hu\/en\/wp-json\/wp\/v2\/media\/442"}],"wp:attachment":[{"href":"https:\/\/shop.telc.hu\/en\/wp-json\/wp\/v2\/media?parent=440"}],"wp:term":[{"taxonomy":"product_brand","embeddable":true,"href":"https:\/\/shop.telc.hu\/en\/wp-json\/wp\/v2\/product_brand?post=440"},{"taxonomy":"product_cat","embeddable":true,"href":"https:\/\/shop.telc.hu\/en\/wp-json\/wp\/v2\/product_cat?post=440"},{"taxonomy":"product_tag","embeddable":true,"href":"https:\/\/shop.telc.hu\/en\/wp-json\/wp\/v2\/product_tag?post=440"}],"curies":[{"name":"wp","href":"https:\/\/api.w.org\/{rel}","templated":true}]}}