{"id":500,"date":"2023-06-04T16:03:24","date_gmt":"2023-06-04T14:03:24","guid":{"rendered":"https:\/\/shop.telc.hu\/?post_type=product&#038;p=500"},"modified":"2026-04-03T21:13:31","modified_gmt":"2026-04-03T19:13:31","slug":"auf-jeden-fall-deutsch-a1-2-tankonyv-es-munkafuzet","status":"publish","type":"product","link":"https:\/\/shop.telc.hu\/en\/product\/auf-jeden-fall-deutsch-a1-2-tankonyv-es-munkafuzet\/","title":{"rendered":"Auf jeden Fall! Deutsch A1.2 Tank\u00f6nyv \u00e9s munkaf\u00fczet"},"content":{"rendered":"<p>Tank\u00f6nyv \u00e9s a munkaf\u00fczet seg\u00edt felk\u00e9sz\u00fclni a Start Deutsch A1\/telc Deutsch A1 nyelvvizsg\u00e1kra.<\/p>","protected":false},"excerpt":{"rendered":"<p>Tank\u00f6nyv \u00e9s a munkaf\u00fczet seg\u00edt felk\u00e9sz\u00fclni a Start Deutsch A1\/telc Deutsch A1 nyelvvizsg\u00e1kra.<\/p>","protected":false},"featured_media":502,"template":"","meta":{"_seopress_robots_primary_cat":"none","_seopress_titles_title":"Auf jeden Fall! Deutsch A1.2 N\u00e9met tank\u00f6nyv \u00e9s munkaf\u00fczet","_seopress_titles_desc":"Auf jeden Fall! N\u00e9met tank\u00f6nyv \u00e9s munkaf\u00fczet seg\u00edt felk\u00e9sz\u00fclni az alapfok\u00fa A1 nyelvvizsg\u00e1kra.","_seopress_robots_index":""},"product_brand":[],"product_cat":[43,66],"product_tag":[23,24,25,26],"class_list":{"0":"post-500","1":"product","2":"type-product","3":"status-publish","4":"has-post-thumbnail","6":"product_cat-konyvek","7":"product_cat-nemet","8":"product_tag-diakoknak","9":"product_tag-felkeszules","10":"product_tag-nemet","11":"product_tag-nyelvtanaroknak","12":"pa_szintek-a1-02","14":"first","15":"instock","16":"taxable","17":"shipping-taxable","18":"purchasable","19":"product-type-simple"},"_links":{"self":[{"href":"https:\/\/shop.telc.hu\/en\/wp-json\/wp\/v2\/product\/500","targetHints":{"allow":["GET"]}}],"collection":[{"href":"https:\/\/shop.telc.hu\/en\/wp-json\/wp\/v2\/product"}],"about":[{"href":"https:\/\/shop.telc.hu\/en\/wp-json\/wp\/v2\/types\/product"}],"version-history":[{"count":1,"href":"https:\/\/shop.telc.hu\/en\/wp-json\/wp\/v2\/product\/500\/revisions"}],"predecessor-version":[{"id":514,"href":"https:\/\/shop.telc.hu\/en\/wp-json\/wp\/v2\/product\/500\/revisions\/514"}],"wp:featuredmedia":[{"embeddable":true,"href":"https:\/\/shop.telc.hu\/en\/wp-json\/wp\/v2\/media\/502"}],"wp:attachment":[{"href":"https:\/\/shop.telc.hu\/en\/wp-json\/wp\/v2\/media?parent=500"}],"wp:term":[{"taxonomy":"product_brand","embeddable":true,"href":"https:\/\/shop.telc.hu\/en\/wp-json\/wp\/v2\/product_brand?post=500"},{"taxonomy":"product_cat","embeddable":true,"href":"https:\/\/shop.telc.hu\/en\/wp-json\/wp\/v2\/product_cat?post=500"},{"taxonomy":"product_tag","embeddable":true,"href":"https:\/\/shop.telc.hu\/en\/wp-json\/wp\/v2\/product_tag?post=500"}],"curies":[{"name":"wp","href":"https:\/\/api.w.org\/{rel}","templated":true}]}}