{"id":865,"date":"2023-10-20T12:18:35","date_gmt":"2023-10-20T10:18:35","guid":{"rendered":"https:\/\/shop.telc.hu\/?post_type=product&#038;p=865"},"modified":"2026-01-13T18:59:37","modified_gmt":"2026-01-13T17:59:37","slug":"trainingseinheiten-telc-deutsch-b1%c2%b7b2-pflege","status":"publish","type":"product","link":"https:\/\/shop.telc.hu\/en\/product\/trainingseinheiten-telc-deutsch-b1%c2%b7b2-pflege\/","title":{"rendered":"Trainingseinheiten telc Deutsch B1\u00b7B2 Pflege, \u00e1tdolgozott kiad\u00e1s"},"content":{"rendered":"<p>A Trainingseinheiten telc Deutsch B1\u00b7B2 Pflege a bev\u00e1lt felk\u00e9sz\u00edt\u0151k\u00f6nyv \u00faj, \u00e1tdolgozott kiad\u00e1sa. Seg\u00edts\u00e9g\u00e9vel a nemzetk\u00f6zi \u00e1pol\u00f3szem\u00e9lyzet fejlesztheti n\u00e9met szakmai nyelvtud\u00e1s\u00e1t, \u00e9s optim\u00e1lisan felk\u00e9sz\u00fclhet a telc Deutsch B1-B2 Pflege vizsg\u00e1ra. A hozz\u00e1tartoz\u00f3, teljesen \u00faj fejleszt\u00e9s\u0171 online vizsgatr\u00e9ning kieg\u00e9sz\u00edt\u0151 anyagot, j\u00f3l alkalmazhat\u00f3 strat\u00e9gi\u00e1kat \u00e9s technik\u00e1kat k\u00edn\u00e1l az egyes vizsgafeladatok megold\u00e1s\u00e1hoz.<\/p>","protected":false},"excerpt":{"rendered":"<p>A Trainingseinheiten telc Deutsch B1\u00b7B2 Pflege a bev\u00e1lt felk\u00e9sz\u00edt\u0151k\u00f6nyv \u00faj, \u00e1tdolgozott kiad\u00e1sa. Seg\u00edts\u00e9g\u00e9vel a nemzetk\u00f6zi \u00e1pol\u00f3szem\u00e9lyzet fejlesztheti n\u00e9met szakmai nyelvtud\u00e1s\u00e1t, \u00e9s optim\u00e1lisan felk\u00e9sz\u00fclhet a telc Deutsch B1-B2 Pflege vizsg\u00e1ra. A hozz\u00e1tartoz\u00f3, teljesen \u00faj fejleszt\u00e9s\u0171 online vizsgatr\u00e9ning kieg\u00e9sz\u00edt\u0151 anyagot, j\u00f3l alkalmazhat\u00f3 strat\u00e9gi\u00e1kat \u00e9s technik\u00e1kat k\u00edn\u00e1l az egyes vizsgafeladatok megold\u00e1s\u00e1hoz.<\/p>","protected":false},"featured_media":866,"template":"","meta":{"_seopress_robots_primary_cat":"none","_seopress_titles_title":"Trainingseinheiten telc Deutsch B1\u00b7B2 Pflege, \u00e1tdolgozott kiad\u00e1s","_seopress_titles_desc":"A Trainingseinheiten telc Deutsch B1\u00b7B2 Pflege a bev\u00e1lt felk\u00e9sz\u00edt\u0151k\u00f6nyv \u00faj, \u00e1tdolgozott kiad\u00e1sa. Seg\u00edts\u00e9g\u00e9vel a nemzetk\u00f6zi \u00e1pol\u00f3szem\u00e9lyzet fejlesztheti n\u00e9met szakmai nyelvtud\u00e1s\u00e1t, \u00e9s optim\u00e1lisan felk\u00e9sz\u00fclhet a telc Deutsch B1-B2 Pflege vizsg\u00e1ra. A hozz\u00e1tartoz\u00f3, teljesen \u00faj fejleszt\u00e9s\u0171 online vizsgatr\u00e9ning kieg\u00e9sz\u00edt\u0151 anyagot, j\u00f3l alkalmazhat\u00f3 strat\u00e9gi\u00e1kat \u00e9s technik\u00e1kat k\u00edn\u00e1l az egyes vizsgafeladatok megold\u00e1s\u00e1hoz.","_seopress_robots_index":""},"product_brand":[],"product_cat":[43,66],"product_tag":[23,24,25,26],"class_list":{"0":"post-865","1":"product","2":"type-product","3":"status-publish","4":"has-post-thumbnail","6":"product_cat-konyvek","7":"product_cat-nemet","8":"product_tag-diakoknak","9":"product_tag-felkeszules","10":"product_tag-nemet","11":"product_tag-nyelvtanaroknak","12":"pa_szintek-b1-alapfok","13":"pa_szintek-b2-kozepfok","15":"first","16":"instock","17":"taxable","18":"shipping-taxable","19":"purchasable","20":"product-type-simple"},"_links":{"self":[{"href":"https:\/\/shop.telc.hu\/en\/wp-json\/wp\/v2\/product\/865","targetHints":{"allow":["GET"]}}],"collection":[{"href":"https:\/\/shop.telc.hu\/en\/wp-json\/wp\/v2\/product"}],"about":[{"href":"https:\/\/shop.telc.hu\/en\/wp-json\/wp\/v2\/types\/product"}],"version-history":[{"count":4,"href":"https:\/\/shop.telc.hu\/en\/wp-json\/wp\/v2\/product\/865\/revisions"}],"predecessor-version":[{"id":889,"href":"https:\/\/shop.telc.hu\/en\/wp-json\/wp\/v2\/product\/865\/revisions\/889"}],"wp:featuredmedia":[{"embeddable":true,"href":"https:\/\/shop.telc.hu\/en\/wp-json\/wp\/v2\/media\/866"}],"wp:attachment":[{"href":"https:\/\/shop.telc.hu\/en\/wp-json\/wp\/v2\/media?parent=865"}],"wp:term":[{"taxonomy":"product_brand","embeddable":true,"href":"https:\/\/shop.telc.hu\/en\/wp-json\/wp\/v2\/product_brand?post=865"},{"taxonomy":"product_cat","embeddable":true,"href":"https:\/\/shop.telc.hu\/en\/wp-json\/wp\/v2\/product_cat?post=865"},{"taxonomy":"product_tag","embeddable":true,"href":"https:\/\/shop.telc.hu\/en\/wp-json\/wp\/v2\/product_tag?post=865"}],"curies":[{"name":"wp","href":"https:\/\/api.w.org\/{rel}","templated":true}]}}