{"id":883,"date":"2023-10-20T12:40:17","date_gmt":"2023-10-20T10:40:17","guid":{"rendered":"https:\/\/shop.telc.hu\/?post_type=product&#038;p=883"},"modified":"2026-01-13T18:48:15","modified_gmt":"2026-01-13T17:48:15","slug":"trainingseinheiten-deutsch-medizin","status":"publish","type":"product","link":"https:\/\/shop.telc.hu\/en\/product\/trainingseinheiten-deutsch-medizin\/","title":{"rendered":"Trainingseinheiten Deutsch B2-C1 Medizin"},"content":{"rendered":"<p>A Trainingseinheiten Deutsch B2-C1Medizin a n\u00e9met nyelv gyakorlatorient\u00e1lt oktat\u00e1s\u00e1ra tervezt\u00e9k nemzetk\u00f6zi orvosok sz\u00e1m\u00e1ra. A tank\u00f6nyv modul\u00e1ris fel\u00e9p\u00edt\u00e9s\u0171, \u00e9s c\u00e9lzott felk\u00e9sz\u00edt\u00e9st ny\u00fajt a telc Deutsch B2-C1 Medizin Fachsprachpr\u00fcfung, telc Deutsch B2-C1 Medizin \u00e9s telc Deutsch B2 Medizin Zugangspr\u00fcfung vizsg\u00e1kra.<\/p>","protected":false},"excerpt":{"rendered":"<p>A Trainingseinheiten Deutsch B2-C1Medizin a n\u00e9met nyelv gyakorlatorient\u00e1lt oktat\u00e1s\u00e1ra tervezt\u00e9k nemzetk\u00f6zi orvosok sz\u00e1m\u00e1ra. A tank\u00f6nyv modul\u00e1ris fel\u00e9p\u00edt\u00e9s\u0171, \u00e9s c\u00e9lzott felk\u00e9sz\u00edt\u00e9st ny\u00fajt a telc Deutsch B2-C1 Medizin Fachsprachpr\u00fcfung, telc Deutsch B2-C1 Medizin \u00e9s telc Deutsch B2 Medizin Zugangspr\u00fcfung vizsg\u00e1kra.<\/p>","protected":false},"featured_media":886,"template":"","meta":{"_seopress_robots_primary_cat":"none","_seopress_titles_title":"Trainingseinheiten Deutsch B2-C1 Medizin","_seopress_titles_desc":"A Trainingseinheiten Deutsch B2-C1Medizin a n\u00e9met nyelv gyakorlatorient\u00e1lt oktat\u00e1s\u00e1ra tervezt\u00e9k nemzetk\u00f6zi orvosok sz\u00e1m\u00e1ra. A tank\u00f6nyv modul\u00e1ris fel\u00e9p\u00edt\u00e9s\u0171, \u00e9s c\u00e9lzott felk\u00e9sz\u00edt\u00e9st ny\u00fajt a telc Deutsch B2-C1 Medizin Fachsprachpr\u00fcfung, telc Deutsch B2-C1 Medizin \u00e9s telc Deutsch B2 Medizin Zugangspr\u00fcfung vizsg\u00e1kra.","_seopress_robots_index":""},"product_brand":[],"product_cat":[43,66],"product_tag":[23,24,25,26],"class_list":{"0":"post-883","1":"product","2":"type-product","3":"status-publish","4":"has-post-thumbnail","6":"product_cat-konyvek","7":"product_cat-nemet","8":"product_tag-diakoknak","9":"product_tag-felkeszules","10":"product_tag-nemet","11":"product_tag-nyelvtanaroknak","12":"pa_szintek-b2-kozepfok","13":"pa_szintek-c1-felsofok","15":"first","16":"instock","17":"taxable","18":"shipping-taxable","19":"purchasable","20":"product-type-simple"},"_links":{"self":[{"href":"https:\/\/shop.telc.hu\/en\/wp-json\/wp\/v2\/product\/883","targetHints":{"allow":["GET"]}}],"collection":[{"href":"https:\/\/shop.telc.hu\/en\/wp-json\/wp\/v2\/product"}],"about":[{"href":"https:\/\/shop.telc.hu\/en\/wp-json\/wp\/v2\/types\/product"}],"version-history":[{"count":4,"href":"https:\/\/shop.telc.hu\/en\/wp-json\/wp\/v2\/product\/883\/revisions"}],"predecessor-version":[{"id":901,"href":"https:\/\/shop.telc.hu\/en\/wp-json\/wp\/v2\/product\/883\/revisions\/901"}],"wp:featuredmedia":[{"embeddable":true,"href":"https:\/\/shop.telc.hu\/en\/wp-json\/wp\/v2\/media\/886"}],"wp:attachment":[{"href":"https:\/\/shop.telc.hu\/en\/wp-json\/wp\/v2\/media?parent=883"}],"wp:term":[{"taxonomy":"product_brand","embeddable":true,"href":"https:\/\/shop.telc.hu\/en\/wp-json\/wp\/v2\/product_brand?post=883"},{"taxonomy":"product_cat","embeddable":true,"href":"https:\/\/shop.telc.hu\/en\/wp-json\/wp\/v2\/product_cat?post=883"},{"taxonomy":"product_tag","embeddable":true,"href":"https:\/\/shop.telc.hu\/en\/wp-json\/wp\/v2\/product_tag?post=883"}],"curies":[{"name":"wp","href":"https:\/\/api.w.org\/{rel}","templated":true}]}}