{"id":903,"date":"2023-10-20T13:24:38","date_gmt":"2023-10-20T11:24:38","guid":{"rendered":"https:\/\/shop.telc.hu\/?post_type=product&#038;p=903"},"modified":"2023-10-26T12:15:10","modified_gmt":"2023-10-26T10:15:10","slug":"tipps-zur-prufungsvorbereitung-deutsch-pflege","status":"publish","type":"product","link":"https:\/\/shop.telc.hu\/en\/product\/tipps-zur-prufungsvorbereitung-deutsch-pflege\/","title":{"rendered":"Tipps zur Pr\u00fcfungsvorbereitung Deutsch Pflege"},"content":{"rendered":"<p>Ingyenesen let\u00f6lthet\u0151 Tippek a felk\u00e9sz\u00fcl\u00e9shez. A telc Deutsch B1-B2 Pflege vizsga egy szaknyelvi vizsga. Els\u0151sorban azoknak a r\u00e9sztvev\u0151knek sz\u00f3l, akik \u00e1pol\u00f3i szakm\u00e1ban v\u00e9geztek, \u00e9s id\u0151s\u00e1pol\u00f3k\u00e9nt vagy \u00e1pol\u00f3k\u00e9nt szeretn\u00e9nek dolgozni egy n\u00e9met nyelv\u0171 orsz\u00e1gban.<\/p>","protected":false},"excerpt":{"rendered":"<p>Ingyenesen let\u00f6lthet\u0151 Tippek a felk\u00e9sz\u00fcl\u00e9shez. A telc Deutsch B1-B2 Pflege vizsga egy szaknyelvi vizsga. Els\u0151sorban azoknak a r\u00e9sztvev\u0151knek sz\u00f3l, akik \u00e1pol\u00f3i szakm\u00e1ban v\u00e9geztek, \u00e9s id\u0151s\u00e1pol\u00f3k\u00e9nt vagy \u00e1pol\u00f3k\u00e9nt szeretn\u00e9nek dolgozni egy n\u00e9met nyelv\u0171 orsz\u00e1gban.<\/p>","protected":false},"featured_media":904,"template":"","meta":{"_seopress_robots_primary_cat":"none","_seopress_titles_title":"Tipps zur Pr\u00fcfungsvorbereitung Deutsch Pflege","_seopress_titles_desc":"Ingyenesen let\u00f6lthet\u0151 Tippek a felk\u00e9sz\u00fcl\u00e9shez. A telc Deutsch B1-B2 Pflege vizsga egy szaknyelvi vizsga. Els\u0151sorban azoknak a r\u00e9sztvev\u0151knek sz\u00f3l, akik \u00e1pol\u00f3i szakm\u00e1ban v\u00e9geztek, \u00e9s id\u0151s\u00e1pol\u00f3k\u00e9nt vagy \u00e1pol\u00f3k\u00e9nt szeretn\u00e9nek dolgozni egy n\u00e9met nyelv\u0171 orsz\u00e1gban.","_seopress_robots_index":""},"product_brand":[],"product_cat":[43,66],"product_tag":[57,24,60,56,25,26],"class_list":{"0":"post-903","1":"product","2":"type-product","3":"status-publish","4":"has-post-thumbnail","6":"product_cat-konyvek","7":"product_cat-nemet","8":"product_tag-b2","9":"product_tag-felkeszules","10":"product_tag-ingyenes-letoltheto","11":"product_tag-kozepfoku","12":"product_tag-nemet","13":"product_tag-nyelvtanaroknak","14":"pa_szintek-b1-alapfok","15":"pa_szintek-b2-kozepfok","17":"first","18":"instock","19":"downloadable","20":"virtual","21":"product-type-simple"},"_links":{"self":[{"href":"https:\/\/shop.telc.hu\/en\/wp-json\/wp\/v2\/product\/903","targetHints":{"allow":["GET"]}}],"collection":[{"href":"https:\/\/shop.telc.hu\/en\/wp-json\/wp\/v2\/product"}],"about":[{"href":"https:\/\/shop.telc.hu\/en\/wp-json\/wp\/v2\/types\/product"}],"version-history":[{"count":1,"href":"https:\/\/shop.telc.hu\/en\/wp-json\/wp\/v2\/product\/903\/revisions"}],"predecessor-version":[{"id":906,"href":"https:\/\/shop.telc.hu\/en\/wp-json\/wp\/v2\/product\/903\/revisions\/906"}],"wp:featuredmedia":[{"embeddable":true,"href":"https:\/\/shop.telc.hu\/en\/wp-json\/wp\/v2\/media\/904"}],"wp:attachment":[{"href":"https:\/\/shop.telc.hu\/en\/wp-json\/wp\/v2\/media?parent=903"}],"wp:term":[{"taxonomy":"product_brand","embeddable":true,"href":"https:\/\/shop.telc.hu\/en\/wp-json\/wp\/v2\/product_brand?post=903"},{"taxonomy":"product_cat","embeddable":true,"href":"https:\/\/shop.telc.hu\/en\/wp-json\/wp\/v2\/product_cat?post=903"},{"taxonomy":"product_tag","embeddable":true,"href":"https:\/\/shop.telc.hu\/en\/wp-json\/wp\/v2\/product_tag?post=903"}],"curies":[{"name":"wp","href":"https:\/\/api.w.org\/{rel}","templated":true}]}}