{"id":946,"date":"2023-10-25T14:30:32","date_gmt":"2023-10-25T12:30:32","guid":{"rendered":"https:\/\/shop.telc.hu\/?post_type=product&#038;p=946"},"modified":"2023-10-25T14:41:01","modified_gmt":"2023-10-25T12:41:01","slug":"nemet-felsofoku-c1-probavizsga","status":"publish","type":"product","link":"https:\/\/shop.telc.hu\/en\/product\/nemet-felsofoku-c1-probavizsga\/","title":{"rendered":"N\u00e9met Fels\u0151fok\u00fa C1 Pr\u00f3bavizsga"},"content":{"rendered":"<p>MOCK EXAMINATION C1 telc Hungary English<strong> teljes n\u00e9met C1 fels\u0151fok\u00fa pr\u00f3banyelvvizsg\u00e1t k\u00edn\u00e1l <\/strong>az \u00edr\u00e1sbeli \u00e9s sz\u00f3beli vizsgafelk\u00e9sz\u00fcl\u00e9shez.<\/p>\n<p>A telc nyelvvizsg\u00e1k k\u00e9t f\u0151 jellemz\u0151je az, hogy a vizsgafeladatsorok vil\u00e1gosan megfogalmazott nyelvi feladatokb\u00f3l \u00e1llnak, valamint, hogy a nyelvvizsgatesztek ki\u00e9rt\u00e9kel\u00e9se standardiz\u00e1lt \u00e9s objekt\u00edv szempontok alapj\u00e1n t\u00f6rt\u00e9nik. Ezek a jellemz\u0151k valamennyi telc nyelvvizsg\u00e1ra vonatkoznak.<br \/>\nAz itt bemutatott vizsgafeladatsorok lehet\u0151v\u00e9 teszik az oktat\u00f3k \u00e9s a di\u00e1kok sz\u00e1m\u00e1ra, hogy szimul\u00e1lj\u00e1k a telc C1-es n\u00e9met nyelvvizsga pontos k\u00f6r\u00fclm\u00e9nyeit a vizsga menete \u00e9s a vizsgaanyagok szempontj\u00e1b\u00f3l egyar\u00e1nt. \u00cdgy a vizsg\u00e1z\u00f3k teljes m\u00e9rt\u00e9kben fel tudnak k\u00e9sz\u00fclni a vizsg\u00e1ra. A pr\u00f3bavizsga teh\u00e1t haszn\u00e1lhat\u00f3 gyakorl\u00e1sra \u00e9s \u00e1ltal\u00e1nos inform\u00e1ci\u00f3forr\u00e1sk\u00e9nt is.<\/p>\n<p><span style=\"color: #a81411;\"><strong>Audio files<\/strong><\/span><\/p>\n<p><a href=\"https:\/\/telc.hu\/mintafeladatok\/nemet-felsofoku-c1\/\" target=\"_blank\" rel=\"noopener\">https:\/\/telc.hu\/mintafeladatok\/nemet-felsofoku-c1<\/a><\/p>","protected":false},"excerpt":{"rendered":"<p>The two main characteristic features of telc examinations are examination papers based on clearly formulated language tasks and standardised and objective marking criteria. These features apply to all English examinations covered by the telc programme. The mock examination presented here enables teachers and learners to simulate the precise conditions under which the telc English C1 examinations take place, both from the perspective of organising the test as well as from the point of view of the test materials. In this way, it is possible to fully prepare candidates for the examination. The mock examination can thus be used for practice purposes and for general information.<\/p>\n<p><span style=\"color: #a81411;\"><strong>Audio files<\/strong><\/span><\/p>\n<p><a href=\"https:\/\/telc.hu\/mintafeladatok\/nemet-felsofoku-c1\/\" target=\"_blank\" rel=\"noopener\">https:\/\/telc.hu\/mintafeladatok\/nemet-felsofoku-c1\/<\/a><\/p>","protected":false},"featured_media":948,"template":"","meta":{"_seopress_robots_primary_cat":"none","_seopress_titles_title":"","_seopress_titles_desc":"","_seopress_robots_index":""},"product_brand":[],"product_cat":[43,66,67],"product_tag":[69,23,68,60,25,26,63],"class_list":{"0":"post-946","1":"product","2":"type-product","3":"status-publish","4":"has-post-thumbnail","6":"product_cat-konyvek","7":"product_cat-nemet","8":"product_cat-probanyelvvizsga","9":"product_tag-c1","10":"product_tag-diakoknak","11":"product_tag-felsofoku","12":"product_tag-ingyenes-letoltheto","13":"product_tag-nemet","14":"product_tag-nyelvtanaroknak","15":"product_tag-probanyelvvizsga","16":"pa_szintek-c1-felsofok","18":"first","19":"instock","20":"downloadable","21":"virtual","22":"product-type-simple"},"_links":{"self":[{"href":"https:\/\/shop.telc.hu\/en\/wp-json\/wp\/v2\/product\/946","targetHints":{"allow":["GET"]}}],"collection":[{"href":"https:\/\/shop.telc.hu\/en\/wp-json\/wp\/v2\/product"}],"about":[{"href":"https:\/\/shop.telc.hu\/en\/wp-json\/wp\/v2\/types\/product"}],"version-history":[{"count":1,"href":"https:\/\/shop.telc.hu\/en\/wp-json\/wp\/v2\/product\/946\/revisions"}],"predecessor-version":[{"id":947,"href":"https:\/\/shop.telc.hu\/en\/wp-json\/wp\/v2\/product\/946\/revisions\/947"}],"wp:featuredmedia":[{"embeddable":true,"href":"https:\/\/shop.telc.hu\/en\/wp-json\/wp\/v2\/media\/948"}],"wp:attachment":[{"href":"https:\/\/shop.telc.hu\/en\/wp-json\/wp\/v2\/media?parent=946"}],"wp:term":[{"taxonomy":"product_brand","embeddable":true,"href":"https:\/\/shop.telc.hu\/en\/wp-json\/wp\/v2\/product_brand?post=946"},{"taxonomy":"product_cat","embeddable":true,"href":"https:\/\/shop.telc.hu\/en\/wp-json\/wp\/v2\/product_cat?post=946"},{"taxonomy":"product_tag","embeddable":true,"href":"https:\/\/shop.telc.hu\/en\/wp-json\/wp\/v2\/product_tag?post=946"}],"curies":[{"name":"wp","href":"https:\/\/api.w.org\/{rel}","templated":true}]}}