{"id":972,"date":"2023-10-26T13:35:09","date_gmt":"2023-10-26T11:35:09","guid":{"rendered":"https:\/\/shop.telc.hu\/?post_type=product&#038;p=972"},"modified":"2023-10-26T13:54:07","modified_gmt":"2023-10-26T11:54:07","slug":"orvosi-szaknyelvi-nyelvvizsga-mintafeladatok","status":"publish","type":"product","link":"https:\/\/shop.telc.hu\/en\/product\/orvosi-szaknyelvi-nyelvvizsga-mintafeladatok\/","title":{"rendered":"Orvosi szaknyelvi nyelvvizsga mintafeladatok"},"content":{"rendered":"<p>MOCK EXAMINATION C1 telc Hungary English<strong> teljes n\u00e9met pr\u00f3banyelvvizsg\u00e1t k\u00edn\u00e1l <\/strong>az \u00edr\u00e1sbeli \u00e9s sz\u00f3beli vizsgafelk\u00e9sz\u00fcl\u00e9shez.<\/p>\n<p><span style=\"color: #a81411;\"><strong>Audio files<\/strong><\/span><\/p>\n<p><a href=\"https:\/\/telc.hu\/mintafeladatok\/medizin-mintafeladatok\/\" target=\"_blank\" rel=\"noopener\">https:\/\/telc.hu\/mintafeladatok\/medizin-mintafeladatok\/<\/a><\/p>","protected":false},"excerpt":{"rendered":"<p>Az itt bemutatott vizsgafeladatsorok lehet\u0151v\u00e9 teszik az oktat\u00f3k \u00e9s a di\u00e1kok sz\u00e1m\u00e1ra, hogy szimul\u00e1lj\u00e1k a C1-es nyelvvizsga pontos k\u00f6r\u00fclm\u00e9nyeit a vizsga menete \u00e9s a vizsgaanyagok szempontj\u00e1b\u00f3l egyar\u00e1nt. \u00cdgy a vizsg\u00e1z\u00f3k teljes m\u00e9rt\u00e9kben fel tudnak k\u00e9sz\u00fclni a vizsg\u00e1ra. A pr\u00f3bavizsga teh\u00e1t haszn\u00e1lhat\u00f3 gyakorl\u00e1sra \u00e9s \u00e1ltal\u00e1nos inform\u00e1ci\u00f3forr\u00e1sk\u00e9nt is.<\/p>\n<p><span style=\"color: #a81411;\"><strong>Audio files<\/strong><\/span><\/p>\n<p><a href=\"https:\/\/telc.hu\/mintafeladatok\/medizin-mintafeladatok\/\" target=\"_blank\" rel=\"noopener\">https:\/\/telc.hu\/mintafeladatok\/medizin-mintafeladatok\/<\/a><\/p>","protected":false},"featured_media":973,"template":"","meta":{"_seopress_robots_primary_cat":"none","_seopress_titles_title":"","_seopress_titles_desc":"","_seopress_robots_index":""},"product_brand":[],"product_cat":[43,66,67],"product_tag":[69,23,68,60,25,26,72,63,73],"class_list":{"0":"post-972","1":"product","2":"type-product","3":"status-publish","4":"has-post-thumbnail","6":"product_cat-konyvek","7":"product_cat-nemet","8":"product_cat-probanyelvvizsga","9":"product_tag-c1","10":"product_tag-diakoknak","11":"product_tag-felsofoku","12":"product_tag-ingyenes-letoltheto","13":"product_tag-nemet","14":"product_tag-nyelvtanaroknak","15":"product_tag-orvosi","16":"product_tag-probanyelvvizsga","17":"product_tag-szaknyelvi-nyelvvizsga","18":"pa_szintek-c1-felsofok","20":"first","21":"instock","22":"downloadable","23":"virtual","24":"product-type-simple"},"_links":{"self":[{"href":"https:\/\/shop.telc.hu\/en\/wp-json\/wp\/v2\/product\/972","targetHints":{"allow":["GET"]}}],"collection":[{"href":"https:\/\/shop.telc.hu\/en\/wp-json\/wp\/v2\/product"}],"about":[{"href":"https:\/\/shop.telc.hu\/en\/wp-json\/wp\/v2\/types\/product"}],"version-history":[{"count":3,"href":"https:\/\/shop.telc.hu\/en\/wp-json\/wp\/v2\/product\/972\/revisions"}],"predecessor-version":[{"id":976,"href":"https:\/\/shop.telc.hu\/en\/wp-json\/wp\/v2\/product\/972\/revisions\/976"}],"wp:featuredmedia":[{"embeddable":true,"href":"https:\/\/shop.telc.hu\/en\/wp-json\/wp\/v2\/media\/973"}],"wp:attachment":[{"href":"https:\/\/shop.telc.hu\/en\/wp-json\/wp\/v2\/media?parent=972"}],"wp:term":[{"taxonomy":"product_brand","embeddable":true,"href":"https:\/\/shop.telc.hu\/en\/wp-json\/wp\/v2\/product_brand?post=972"},{"taxonomy":"product_cat","embeddable":true,"href":"https:\/\/shop.telc.hu\/en\/wp-json\/wp\/v2\/product_cat?post=972"},{"taxonomy":"product_tag","embeddable":true,"href":"https:\/\/shop.telc.hu\/en\/wp-json\/wp\/v2\/product_tag?post=972"}],"curies":[{"name":"wp","href":"https:\/\/api.w.org\/{rel}","templated":true}]}}